{"id":1634,"date":"2021-04-25T22:05:41","date_gmt":"2021-04-25T21:05:41","guid":{"rendered":"https:\/\/tryfoundation.com\/doar\/"},"modified":"2021-04-25T22:05:41","modified_gmt":"2021-04-25T21:05:41","slug":"doar","status":"publish","type":"page","link":"https:\/\/tryfoundation.com\/pt-pt\/doar\/","title":{"rendered":"Doar"},"content":{"rendered":"<div id='av_section_1'  class='avia-section av-j6hne-e6747bd55792d958cd5e43eaa4b76608 main_color avia-section-default avia-no-border-styling  avia-builder-el-0  avia-builder-el-no-sibling  avia-bg-style-scroll container_wrap sidebar_right'  ><div class='container av-section-cont-open' ><main  role=\"main\" itemprop=\"mainContentOfPage\"  class='template-page content  av-content-small alpha units'><div class='post-entry post-entry-type-page post-entry-1634'><div class='entry-content-wrapper clearfix'>\n\n<style type=\"text\/css\" data-created_by=\"avia_inline_auto\" id=\"style-css-av-1piwi-db9bb2a2100bfb7d9114c5dfa1879e17\">\n.flex_column.av-1piwi-db9bb2a2100bfb7d9114c5dfa1879e17{\nborder-radius:0px 0px 0px 0px;\npadding:0px 0px 0px 0px;\n}\n<\/style>\n<div  class='flex_column av-1piwi-db9bb2a2100bfb7d9114c5dfa1879e17 av_one_fourth  avia-builder-el-1  el_before_av_one_half  avia-builder-el-first  first flex_column_div av-zero-column-padding  '     ><\/div>\n<style type=\"text\/css\" data-created_by=\"avia_inline_auto\" id=\"style-css-av-kkmdq7h5-e13d87d86e4b8ed8edcb8cd334050813\">\n.flex_column.av-kkmdq7h5-e13d87d86e4b8ed8edcb8cd334050813{\nborder-radius:0px 0px 0px 0px;\npadding:0px 0px 0px 0px;\n}\n<\/style>\n<div  id=\"donate-now-page\"  class='flex_column av-kkmdq7h5-e13d87d86e4b8ed8edcb8cd334050813 av_one_half  avia-builder-el-2  el_after_av_one_fourth  el_before_av_one_fourth  donate-now flex_column_div av-zero-column-padding  '     ><section  class='av_textblock_section av-kkmdoibi-a86fbdddacf46acd270f40c7fd91f7af '   itemscope=\"itemscope\" itemtype=\"https:\/\/schema.org\/CreativeWork\" ><div class='avia_textblock'  itemprop=\"text\" ><script type=\"text\/javascript\">\n\/* <![CDATA[ *\/\nvar gform;gform||(document.addEventListener(\"gform_main_scripts_loaded\",function(){gform.scriptsLoaded=!0}),document.addEventListener(\"gform\/theme\/scripts_loaded\",function(){gform.themeScriptsLoaded=!0}),window.addEventListener(\"DOMContentLoaded\",function(){gform.domLoaded=!0}),gform={domLoaded:!1,scriptsLoaded:!1,themeScriptsLoaded:!1,isFormEditor:()=>\"function\"==typeof InitializeEditor,callIfLoaded:function(o){return!(!gform.domLoaded||!gform.scriptsLoaded||!gform.themeScriptsLoaded&&!gform.isFormEditor()||(gform.isFormEditor()&&console.warn(\"The use of gform.initializeOnLoaded() is deprecated in the form editor context and will be removed in Gravity Forms 3.1.\"),o(),0))},initializeOnLoaded:function(o){gform.callIfLoaded(o)||(document.addEventListener(\"gform_main_scripts_loaded\",()=>{gform.scriptsLoaded=!0,gform.callIfLoaded(o)}),document.addEventListener(\"gform\/theme\/scripts_loaded\",()=>{gform.themeScriptsLoaded=!0,gform.callIfLoaded(o)}),window.addEventListener(\"DOMContentLoaded\",()=>{gform.domLoaded=!0,gform.callIfLoaded(o)}))},hooks:{action:{},filter:{}},addAction:function(o,r,e,t){gform.addHook(\"action\",o,r,e,t)},addFilter:function(o,r,e,t){gform.addHook(\"filter\",o,r,e,t)},doAction:function(o){gform.doHook(\"action\",o,arguments)},applyFilters:function(o){return gform.doHook(\"filter\",o,arguments)},removeAction:function(o,r){gform.removeHook(\"action\",o,r)},removeFilter:function(o,r,e){gform.removeHook(\"filter\",o,r,e)},addHook:function(o,r,e,t,n){null==gform.hooks[o][r]&&(gform.hooks[o][r]=[]);var d=gform.hooks[o][r];null==n&&(n=r+\"_\"+d.length),gform.hooks[o][r].push({tag:n,callable:e,priority:t=null==t?10:t})},doHook:function(r,o,e){var t;if(e=Array.prototype.slice.call(e,1),null!=gform.hooks[r][o]&&((o=gform.hooks[r][o]).sort(function(o,r){return o.priority-r.priority}),o.forEach(function(o){\"function\"!=typeof(t=o.callable)&&(t=window[t]),\"action\"==r?t.apply(null,e):e[0]=t.apply(null,e)})),\"filter\"==r)return e[0]},removeHook:function(o,r,t,n){var e;null!=gform.hooks[o][r]&&(e=(e=gform.hooks[o][r]).filter(function(o,r,e){return!!(null!=n&&n!=o.tag||null!=t&&t!=o.priority)}),gform.hooks[o][r]=e)}});\n\/* ]]> *\/\n<\/script>\n\n                <div class='gf_browser_gecko gform_wrapper gform_legacy_markup_wrapper gform-theme--no-framework' data-form-theme='legacy' data-form-index='0' id='gform_wrapper_5' style='display:none'>\n                        <div class='gform_heading'>\n                            <h3 class=\"gform_title\">Envolva-se<\/h3>\n                            <p class='gform_description'><\/p>\n                        <\/div><form method='post' enctype='multipart\/form-data'  id='gform_5'  action='\/pt-pt\/wp-json\/wp\/v2\/pages\/1634' data-formid='5' novalidate>\n                        <div class='gform-body gform_body'><ul id='gform_fields_5' class='gform_fields top_label form_sublabel_below description_below validation_below'><li id=\"field_5_10\" class=\"gfield gfield--type-html gfield_html gfield_html_formatted gfield_no_follows_desc field_sublabel_below gfield--no-description field_description_below field_validation_below gfield_visibility_visible\"  >100% da sua doa\u00e7\u00e3o destina-se \u00e0 educa\u00e7\u00e3o, exceto custos transacionais.<\/li><li id=\"field_5_8\" class=\"gfield gfield--type-radio gfield--type-choice field_sublabel_below gfield--no-description field_description_below hidden_label field_validation_below gfield_visibility_visible\"  ><label class='gfield_label gform-field-label' >Once or Montly<\/label><div class='ginput_container ginput_container_radio'><ul class='gfield_radio' id='input_5_8'>\n\t\t\t<li class='gchoice gchoice_5_8_0'>\n\t\t\t\t<input name='input_8' type='radio' value='uma vez'  id='choice_5_8_0'    \/>\n\t\t\t\t<label for='choice_5_8_0' id='label_5_8_0' class='gform-field-label gform-field-label--type-inline'>uma vez<\/label>\n\t\t\t<\/li>\n\t\t\t<li class='gchoice gchoice_5_8_1'>\n\t\t\t\t<input name='input_8' type='radio' value='mensalmente' checked='checked' id='choice_5_8_1'    \/>\n\t\t\t\t<label for='choice_5_8_1' id='label_5_8_1' class='gform-field-label gform-field-label--type-inline'>mensalmente<\/label>\n\t\t\t<\/li><\/ul><\/div><\/li><li id=\"field_5_11\" class=\"gfield gfield--type-html gfield_html gfield_html_formatted gfield_no_follows_desc field_sublabel_below gfield--no-description field_description_below field_validation_below gfield_visibility_visible\"  >Por 10\u20ac envie uma crian\u00e7a para a escola durante um m\u00eas.<\/li><li id=\"field_5_7\" class=\"gfield gfield--type-product gfield--type-choice gfield--input-type-radio gfield_price gfield_price_5_7 gfield_product_5_7 gfield_contains_required field_sublabel_below gfield--no-description field_description_below hidden_label field_validation_below gfield_visibility_visible\"  ><label class='gfield_label gform-field-label' >Price Options<span class=\"gfield_required\"><span class=\"gfield_required gfield_required_asterisk\">*<\/span><\/span><\/label><div class='ginput_container ginput_container_radio'><ul class='gfield_radio' id='input_5_7'>\n\t\t\t<li class='gchoice gchoice_5_7_0'>\n\t\t\t\t<input name='input_7' type='radio' value='\u20ac5|5'  id='choice_5_7_0'    \/>\n\t\t\t\t<label for='choice_5_7_0' id='label_5_7_0' class='gform-field-label gform-field-label--type-inline'>\u20ac5<\/label>\n\t\t\t<\/li>\n\t\t\t<li class='gchoice gchoice_5_7_1'>\n\t\t\t\t<input name='input_7' type='radio' value='\u20ac10|10' checked='checked' id='choice_5_7_1'    \/>\n\t\t\t\t<label for='choice_5_7_1' id='label_5_7_1' class='gform-field-label gform-field-label--type-inline'>\u20ac10<\/label>\n\t\t\t<\/li>\n\t\t\t<li class='gchoice gchoice_5_7_2'>\n\t\t\t\t<input name='input_7' type='radio' value='\u20ac20|20'  id='choice_5_7_2'    \/>\n\t\t\t\t<label for='choice_5_7_2' id='label_5_7_2' class='gform-field-label gform-field-label--type-inline'>\u20ac20<\/label>\n\t\t\t<\/li>\n\t\t\t<li class='gchoice gchoice_5_7_3'>\n\t\t\t\t<input name='input_7' type='radio' value='Outro|0'  id='choice_5_7_3'    \/>\n\t\t\t\t<label for='choice_5_7_3' id='label_5_7_3' class='gform-field-label gform-field-label--type-inline'>Outro<\/label>\n\t\t\t<\/li><\/ul><\/div><\/li><li id=\"field_5_15\" class=\"gfield gfield--type-product gfield--input-type-price gfield_price gfield_price_5_15 gfield_product_5_15 field_sublabel_below gfield--no-description field_description_below field_validation_below gfield_visibility_visible\"  ><label class='gfield_label gform-field-label' for='input_5_15'>Choose amount<\/label><div class='ginput_container ginput_container_product_price'>\n\t\t\t\t\t<input name='input_15' id='input_5_15' type='text' value='' class='medium ginput_amount'  placeholder='10'  aria-invalid=\"false\"  \/>\n\t\t\t\t<\/div><\/li><li id=\"field_5_2\" class=\"gfield gfield--type-name gfield_contains_required field_sublabel_hidden_label gfield--no-description field_description_below hidden_label field_validation_below gfield_visibility_visible\"  ><label class='gfield_label gform-field-label gfield_label_before_complex' >Name<span class=\"gfield_required\"><span class=\"gfield_required gfield_required_asterisk\">*<\/span><\/span><\/label><div class='ginput_complex ginput_container ginput_container--name no_prefix has_first_name no_middle_name has_last_name no_suffix gf_name_has_2 ginput_container_name gform-grid-row' id='input_5_2'>\n                            \n                            <span id='input_5_2_3_container' class='name_first gform-grid-col gform-grid-col--size-auto' >\n                                                    <input type='text' name='input_2.3' id='input_5_2_3' value=''   aria-required='true'   placeholder='Nome pr\u00f3prio'  \/>\n                                                    <label for='input_5_2_3' class='gform-field-label gform-field-label--type-sub hidden_sub_label screen-reader-text'>Primeiro<\/label>\n                                                <\/span>\n                            \n                            <span id='input_5_2_6_container' class='name_last gform-grid-col gform-grid-col--size-auto' >\n                                                    <input type='text' name='input_2.6' id='input_5_2_6' value=''   aria-required='true'   placeholder='Nome apelido'  \/>\n                                                    <label for='input_5_2_6' class='gform-field-label gform-field-label--type-sub hidden_sub_label screen-reader-text'>\u00daltimo<\/label>\n                                                <\/span>\n                            \n                        <\/div><\/li><li id=\"field_5_1\" class=\"gfield gfield--type-email gfield_contains_required field_sublabel_below gfield--no-description field_description_below hidden_label field_validation_below gfield_visibility_visible\"  ><label class='gfield_label gform-field-label' for='input_5_1'>Email<span class=\"gfield_required\"><span class=\"gfield_required gfield_required_asterisk\">*<\/span><\/span><\/label><div class='ginput_container ginput_container_email'>\n                            <input name='input_1' id='input_5_1' type='email' value='' class='medium'   placeholder='Endere\u00e7o de e-mail' aria-required=\"true\" aria-invalid=\"false\"  \/>\n                        <\/div><\/li><li id=\"field_5_6\" class=\"gfield gfield--type-checkbox gfield--type-choice field_sublabel_below gfield--no-description field_description_below hidden_label field_validation_below gfield_visibility_visible\"  ><label class='gfield_label gform-field-label gfield_label_before_complex' >As company<\/label><div class='ginput_container ginput_container_checkbox'><ul class='gfield_checkbox' id='input_5_6'><li class='gchoice gchoice_5_6_1'>\n\t\t\t\t\t\t\t\t<input class='gfield-choice-input' name='input_6.1' type='checkbox'  value='Doar como empresa'  id='choice_5_6_1'   \/>\n\t\t\t\t\t\t\t\t<label for='choice_5_6_1' id='label_5_6_1' class='gform-field-label gform-field-label--type-inline'>Doar como empresa<\/label>\n\t\t\t\t\t\t\t<\/li><\/ul><\/div><\/li><li id=\"field_5_18\" class=\"gfield gfield--type-text field_sublabel_below gfield--no-description field_description_below hidden_label field_validation_below gfield_visibility_visible\"  ><label class='gfield_label gform-field-label' for='input_5_18'>Company Name<\/label><div class='ginput_container ginput_container_text'><input name='input_18' id='input_5_18' type='text' value='' class='medium'    placeholder='Company Name'  aria-invalid=\"false\"   \/><\/div><\/li><li id=\"field_5_17\" class=\"gfield gfield--type-pronamic_pay_payment_method_selector gfield--input-type-select field_sublabel_below gfield--no-description field_description_below field_validation_below gfield_visibility_visible\"  ><label class='gfield_label gform-field-label' for='input_5_17'>Choose a payment method<\/label><div class='ginput_container ginput_container_select'><select name='input_17' id='input_5_17' class='medium gfield_select'     aria-invalid=\"false\" ><option value='direct_debit_ideal' selected='selected'>Mandate \/ Incasso<\/option><option value='credit_card' >Credit Card<\/option><\/select><\/div><\/li><\/ul><\/div>\n        <div class='gform-footer gform_footer top_label'> <input type='submit' id='gform_submit_button_5' class='gform_button button' onclick='gform.submission.handleButtonClick(this);' data-submission-type='submit' value='Next'  \/> \n            <input type='hidden' class='gform_hidden' name='gform_submission_method' data-js='gform_submission_method_5' value='postback' \/>\n            <input type='hidden' class='gform_hidden' name='gform_theme' data-js='gform_theme_5' id='gform_theme_5' value='legacy' \/>\n            <input type='hidden' class='gform_hidden' name='gform_style_settings' data-js='gform_style_settings_5' id='gform_style_settings_5' value='[]' \/>\n            <input type='hidden' class='gform_hidden' name='is_submit_5' value='1' \/>\n            <input type='hidden' class='gform_hidden' name='gform_submit' value='5' \/>\n            \n            <input type='hidden' class='gform_hidden' name='gform_currency' data-currency='EUR' value='a+mXdSsb9Ee9MAhDnJ0sx0eF5aIoWKWEWbRA9t9Tm0iKV43SdWIdpRnPjD+Mo3UZZaeDw8qesWN171latYcV9Bj5\/R4I0955iZV2k84I3H4SyT4=' \/>\n            <input type='hidden' class='gform_hidden' name='gform_unique_id' value='' \/>\n            <input type='hidden' class='gform_hidden' name='state_5' value='WyJ7XCI3XCI6W1wiZWM3ODY4N2RjN2E3NmE2ZGVhMWI2NWJlNmE2NDYxNDFcIixcImE4Nzc2ZWMzOTIyMDM1NWE5OGU4ZjQwZjllZjM0Y2RhXCIsXCI5NzZkOGExZjgxYzk0MjY5ZTA3N2Y3MzJiOTFlMzQxMVwiLFwiYjAwYmU2YjExNDA0YzA2YWZhMGI3OTQzMGJjMGZmZjRcIl19IiwiNzQyYmMyN2ZhYTdjNjA1NzkwNGM0MDQ3NmUxMDE3NjIiXQ==' \/>\n            <input type='hidden' autocomplete='off' class='gform_hidden' name='gform_target_page_number_5' id='gform_target_page_number_5' value='0' \/>\n            <input type='hidden' autocomplete='off' class='gform_hidden' name='gform_source_page_number_5' id='gform_source_page_number_5' value='1' \/>\n            <input type='hidden' name='gform_field_values' value='' \/>\n            \n        <\/div>\n                        <p style=\"display: none !important;\" class=\"akismet-fields-container\" data-prefix=\"ak_\"><label>&#916;<textarea name=\"ak_hp_textarea\" cols=\"45\" rows=\"8\" maxlength=\"100\"><\/textarea><\/label><input type=\"hidden\" id=\"ak_js_1\" name=\"ak_js\" value=\"243\"\/><script>document.getElementById( \"ak_js_1\" ).setAttribute( \"value\", ( new Date() ).getTime() );<\/script><\/p><\/form>\n                        <\/div><script type=\"text\/javascript\">\n\/* <![CDATA[ *\/\n gform.initializeOnLoaded( function() {gformInitSpinner( 5, 'https:\/\/tryfoundation.com\/wp-content\/plugins\/gravityforms\/images\/spinner.svg', true );jQuery('#gform_ajax_frame_5').on('load',function(){var contents = jQuery(this).contents().find('*').html();var is_postback = contents.indexOf('GF_AJAX_POSTBACK') >= 0;if(!is_postback){return;}var form_content = jQuery(this).contents().find('#gform_wrapper_5');var is_confirmation = jQuery(this).contents().find('#gform_confirmation_wrapper_5').length > 0;var is_redirect = contents.indexOf('gformRedirect(){') >= 0;var is_form = form_content.length > 0 && ! is_redirect && ! is_confirmation;var mt = parseInt(jQuery('html').css('margin-top'), 10) + parseInt(jQuery('body').css('margin-top'), 10) + 100;if(is_form){form_content.find('form').css('opacity', 0);jQuery('#gform_wrapper_5').html(form_content.html());if(form_content.hasClass('gform_validation_error')){jQuery('#gform_wrapper_5').addClass('gform_validation_error');} else {jQuery('#gform_wrapper_5').removeClass('gform_validation_error');}setTimeout( function() { \/* delay the scroll by 50 milliseconds to fix a bug in chrome *\/  }, 50 );if(window['gformInitDatepicker']) {gformInitDatepicker();}if(window['gformInitPriceFields']) {gformInitPriceFields();}var current_page = jQuery('#gform_source_page_number_5').val();gformInitSpinner( 5, 'https:\/\/tryfoundation.com\/wp-content\/plugins\/gravityforms\/images\/spinner.svg', true );jQuery(document).trigger('gform_page_loaded', [5, current_page]);window['gf_submitting_5'] = false;}else if(!is_redirect){var confirmation_content = jQuery(this).contents().find('.GF_AJAX_POSTBACK').html();if(!confirmation_content){confirmation_content = contents;}jQuery('#gform_wrapper_5').replaceWith(confirmation_content);jQuery(document).trigger('gform_confirmation_loaded', [5]);window['gf_submitting_5'] = false;wp.a11y.speak(jQuery('#gform_confirmation_message_5').text());}else{jQuery('#gform_5').append(contents);if(window['gformRedirect']) {gformRedirect();}}jQuery(document).trigger(\"gform_pre_post_render\", [{ formId: \"5\", currentPage: \"current_page\", abort: function() { this.preventDefault(); } }]);        if (event && event.defaultPrevented) {                return;        }        const gformWrapperDiv = document.getElementById( \"gform_wrapper_5\" );        if ( gformWrapperDiv ) {            const visibilitySpan = document.createElement( \"span\" );            visibilitySpan.id = \"gform_visibility_test_5\";            gformWrapperDiv.insertAdjacentElement( \"afterend\", visibilitySpan );        }        const visibilityTestDiv = document.getElementById( \"gform_visibility_test_5\" );        let postRenderFired = false;        function triggerPostRender() {            if ( postRenderFired ) {                return;            }            postRenderFired = true;            gform.core.triggerPostRenderEvents( 5, current_page );            if ( visibilityTestDiv ) {                visibilityTestDiv.parentNode.removeChild( visibilityTestDiv );            }        }        function debounce( func, wait, immediate ) {            var timeout;            return function() {                var context = this, args = arguments;                var later = function() {                    timeout = null;                    if ( !immediate ) func.apply( context, args );                };                var callNow = immediate && !timeout;                clearTimeout( timeout );                timeout = setTimeout( later, wait );                if ( callNow ) func.apply( context, args );            };        }        const debouncedTriggerPostRender = debounce( function() {            triggerPostRender();        }, 200 );        if ( visibilityTestDiv && visibilityTestDiv.offsetParent === null ) {            const observer = new MutationObserver( ( mutations ) => {                mutations.forEach( ( mutation ) => {                    if ( mutation.type === 'attributes' && visibilityTestDiv.offsetParent !== null ) {                        debouncedTriggerPostRender();                        observer.disconnect();                    }                });            });            observer.observe( document.body, {                attributes: true,                childList: false,                subtree: true,                attributeFilter: [ 'style', 'class' ],            });        } else {            triggerPostRender();        }    } );} ); \n\/* ]]> *\/\n<\/script>\n\n<\/div><\/section><\/div>\n<style type=\"text\/css\" data-created_by=\"avia_inline_auto\" id=\"style-css-av-alp4y-9cb093c2f8f5dcd6dd4310deeba3d09c\">\n.flex_column.av-alp4y-9cb093c2f8f5dcd6dd4310deeba3d09c{\nborder-radius:0px 0px 0px 0px;\npadding:0px 0px 0px 0px;\n}\n<\/style>\n<div  class='flex_column av-alp4y-9cb093c2f8f5dcd6dd4310deeba3d09c av_one_fourth  avia-builder-el-4  el_after_av_one_half  avia-builder-el-last  flex_column_div av-zero-column-padding  '     ><\/div><\/div><\/div><\/main><!-- close content main element --><\/div><\/div><div id='after_section_1'  class='main_color av_default_container_wrap container_wrap sidebar_right'  ><div class='container av-section-cont-open' ><div class='template-page content  av-content-small alpha units'><div class='post-entry post-entry-type-page post-entry-1634'><div class='entry-content-wrapper clearfix'>\n","protected":false},"excerpt":{"rendered":"","protected":false},"author":2,"featured_media":0,"parent":0,"menu_order":0,"comment_status":"closed","ping_status":"closed","template":"","meta":{"footnotes":""},"class_list":["post-1634","page","type-page","status-publish","hentry"],"yoast_head":"<!-- This site is optimized with the Yoast SEO plugin v27.3 - https:\/\/yoast.com\/product\/yoast-seo-wordpress\/ -->\n<title>Doar - TRY Foundation<\/title>\n<meta name=\"description\" content=\"100% da sua doa\u00e7\u00e3o destina-se \u00e0 educa\u00e7\u00e3o, exceto custos transacionais. Por 10\u20ac envie uma crian\u00e7a para a escola durante um m\u00eas.\" \/>\n<meta name=\"robots\" content=\"index, follow, max-snippet:-1, max-image-preview:large, max-video-preview:-1\" \/>\n<link rel=\"canonical\" href=\"https:\/\/tryfoundation.com\/pt-pt\/doar\/\" \/>\n<meta property=\"og:locale\" content=\"pt_PT\" \/>\n<meta property=\"og:type\" content=\"article\" \/>\n<meta property=\"og:title\" content=\"Doar - TRY Foundation\" \/>\n<meta property=\"og:description\" content=\"100% da sua doa\u00e7\u00e3o destina-se \u00e0 educa\u00e7\u00e3o, exceto custos transacionais. Por 10\u20ac envie uma crian\u00e7a para a escola durante um m\u00eas.\" \/>\n<meta property=\"og:url\" content=\"https:\/\/tryfoundation.com\/pt-pt\/doar\/\" \/>\n<meta property=\"og:site_name\" content=\"TRY Foundation\" \/>\n<meta name=\"twitter:card\" content=\"summary_large_image\" \/>\n<meta name=\"twitter:label1\" content=\"Tempo estimado de leitura\" \/>\n\t<meta name=\"twitter:data1\" content=\"3 minutos\" \/>\n<script type=\"application\/ld+json\" class=\"yoast-schema-graph\">{\"@context\":\"https:\\\/\\\/schema.org\",\"@graph\":[{\"@type\":\"WebPage\",\"@id\":\"https:\\\/\\\/tryfoundation.com\\\/pt-pt\\\/doar\\\/\",\"url\":\"https:\\\/\\\/tryfoundation.com\\\/pt-pt\\\/doar\\\/\",\"name\":\"Doar - TRY Foundation\",\"isPartOf\":{\"@id\":\"https:\\\/\\\/tryfoundation.com\\\/#website\"},\"datePublished\":\"2021-04-25T21:05:41+00:00\",\"description\":\"100% da sua doa\u00e7\u00e3o destina-se \u00e0 educa\u00e7\u00e3o, exceto custos transacionais. Por 10\u20ac envie uma crian\u00e7a para a escola durante um m\u00eas.\",\"breadcrumb\":{\"@id\":\"https:\\\/\\\/tryfoundation.com\\\/pt-pt\\\/doar\\\/#breadcrumb\"},\"inLanguage\":\"pt-PT\",\"potentialAction\":[{\"@type\":\"ReadAction\",\"target\":[\"https:\\\/\\\/tryfoundation.com\\\/pt-pt\\\/doar\\\/\"]}]},{\"@type\":\"BreadcrumbList\",\"@id\":\"https:\\\/\\\/tryfoundation.com\\\/pt-pt\\\/doar\\\/#breadcrumb\",\"itemListElement\":[{\"@type\":\"ListItem\",\"position\":1,\"name\":\"Home\",\"item\":\"https:\\\/\\\/tryfoundation.com\\\/pt-pt\\\/\"},{\"@type\":\"ListItem\",\"position\":2,\"name\":\"Doar\"}]},{\"@type\":\"WebSite\",\"@id\":\"https:\\\/\\\/tryfoundation.com\\\/#website\",\"url\":\"https:\\\/\\\/tryfoundation.com\\\/\",\"name\":\"TRY Foundation\",\"description\":\"\",\"potentialAction\":[{\"@type\":\"SearchAction\",\"target\":{\"@type\":\"EntryPoint\",\"urlTemplate\":\"https:\\\/\\\/tryfoundation.com\\\/?s={search_term_string}\"},\"query-input\":{\"@type\":\"PropertyValueSpecification\",\"valueRequired\":true,\"valueName\":\"search_term_string\"}}],\"inLanguage\":\"pt-PT\"}]}<\/script>\n<!-- \/ Yoast SEO plugin. -->","yoast_head_json":{"title":"Doar - TRY Foundation","description":"100% da sua doa\u00e7\u00e3o destina-se \u00e0 educa\u00e7\u00e3o, exceto custos transacionais. Por 10\u20ac envie uma crian\u00e7a para a escola durante um m\u00eas.","robots":{"index":"index","follow":"follow","max-snippet":"max-snippet:-1","max-image-preview":"max-image-preview:large","max-video-preview":"max-video-preview:-1"},"canonical":"https:\/\/tryfoundation.com\/pt-pt\/doar\/","og_locale":"pt_PT","og_type":"article","og_title":"Doar - TRY Foundation","og_description":"100% da sua doa\u00e7\u00e3o destina-se \u00e0 educa\u00e7\u00e3o, exceto custos transacionais. Por 10\u20ac envie uma crian\u00e7a para a escola durante um m\u00eas.","og_url":"https:\/\/tryfoundation.com\/pt-pt\/doar\/","og_site_name":"TRY Foundation","twitter_card":"summary_large_image","twitter_misc":{"Tempo estimado de leitura":"3 minutos"},"schema":{"@context":"https:\/\/schema.org","@graph":[{"@type":"WebPage","@id":"https:\/\/tryfoundation.com\/pt-pt\/doar\/","url":"https:\/\/tryfoundation.com\/pt-pt\/doar\/","name":"Doar - TRY Foundation","isPartOf":{"@id":"https:\/\/tryfoundation.com\/#website"},"datePublished":"2021-04-25T21:05:41+00:00","description":"100% da sua doa\u00e7\u00e3o destina-se \u00e0 educa\u00e7\u00e3o, exceto custos transacionais. Por 10\u20ac envie uma crian\u00e7a para a escola durante um m\u00eas.","breadcrumb":{"@id":"https:\/\/tryfoundation.com\/pt-pt\/doar\/#breadcrumb"},"inLanguage":"pt-PT","potentialAction":[{"@type":"ReadAction","target":["https:\/\/tryfoundation.com\/pt-pt\/doar\/"]}]},{"@type":"BreadcrumbList","@id":"https:\/\/tryfoundation.com\/pt-pt\/doar\/#breadcrumb","itemListElement":[{"@type":"ListItem","position":1,"name":"Home","item":"https:\/\/tryfoundation.com\/pt-pt\/"},{"@type":"ListItem","position":2,"name":"Doar"}]},{"@type":"WebSite","@id":"https:\/\/tryfoundation.com\/#website","url":"https:\/\/tryfoundation.com\/","name":"TRY Foundation","description":"","potentialAction":[{"@type":"SearchAction","target":{"@type":"EntryPoint","urlTemplate":"https:\/\/tryfoundation.com\/?s={search_term_string}"},"query-input":{"@type":"PropertyValueSpecification","valueRequired":true,"valueName":"search_term_string"}}],"inLanguage":"pt-PT"}]}},"_links":{"self":[{"href":"https:\/\/tryfoundation.com\/pt-pt\/wp-json\/wp\/v2\/pages\/1634","targetHints":{"allow":["GET"]}}],"collection":[{"href":"https:\/\/tryfoundation.com\/pt-pt\/wp-json\/wp\/v2\/pages"}],"about":[{"href":"https:\/\/tryfoundation.com\/pt-pt\/wp-json\/wp\/v2\/types\/page"}],"author":[{"embeddable":true,"href":"https:\/\/tryfoundation.com\/pt-pt\/wp-json\/wp\/v2\/users\/2"}],"replies":[{"embeddable":true,"href":"https:\/\/tryfoundation.com\/pt-pt\/wp-json\/wp\/v2\/comments?post=1634"}],"version-history":[{"count":2,"href":"https:\/\/tryfoundation.com\/pt-pt\/wp-json\/wp\/v2\/pages\/1634\/revisions"}],"predecessor-version":[{"id":1637,"href":"https:\/\/tryfoundation.com\/pt-pt\/wp-json\/wp\/v2\/pages\/1634\/revisions\/1637"}],"wp:attachment":[{"href":"https:\/\/tryfoundation.com\/pt-pt\/wp-json\/wp\/v2\/media?parent=1634"}],"curies":[{"name":"wp","href":"https:\/\/api.w.org\/{rel}","templated":true}]}}