{"id":1604,"date":"2021-04-25T21:21:32","date_gmt":"2021-04-25T20:21:32","guid":{"rendered":"https:\/\/tryfoundation.com\/porque-o-paquistao\/"},"modified":"2021-04-25T21:21:34","modified_gmt":"2021-04-25T20:21:34","slug":"porque-o-paquistao","status":"publish","type":"page","link":"https:\/\/tryfoundation.com\/pt-pt\/porque-o-paquistao\/","title":{"rendered":"Porqu\u00ea o Paquist\u00e3o?"},"content":{"rendered":"\n<style type=\"text\/css\" data-created_by=\"avia_inline_auto\" id=\"style-css-av-kcllwng0-95b02766808ba742fcf13a52bd1a0eb7\">\n.avia-section.av-kcllwng0-95b02766808ba742fcf13a52bd1a0eb7{\nbackground-color:#da291c;\nbackground-image:url(https:\/\/tryfoundation.com\/wp-content\/uploads\/2020\/11\/trisha-downing-pyud8ZaVq4I-unsplash-1.jpg);\nbackground-repeat:no-repeat;\nbackground-position:50% 50%;\nbackground-attachment:scroll;\nmargin-top:0px;\nmargin-bottom:0px;\n}\n.avia-section.av-kcllwng0-95b02766808ba742fcf13a52bd1a0eb7 .av-section-color-overlay{\nopacity:1;\nbackground-image:url(https:\/\/tryfoundation.com\/wp-content\/uploads\/2020\/10\/above-the-fold-borders-01.png);\nbackground-repeat:repeat;\n}\n<\/style>\n<div id='av_section_1'  class='avia-section av-kcllwng0-95b02766808ba742fcf13a52bd1a0eb7 main_color avia-section-default avia-no-border-styling  avia-builder-el-0  el_before_av_section  avia-builder-el-first  hero avia-full-stretch avia-bg-style-scroll av-section-color-overlay-active av-minimum-height av-minimum-height-custom av-height-custom  container_wrap sidebar_right'  data-section-bg-repeat='stretch' data-av_minimum_height_px='570'><div class=\"av-section-color-overlay-wrap\"><div class=\"av-section-color-overlay\"><\/div><a href='#next-section' title='' class='scroll-down-link  avia-svg-icon avia-font-svg_entypo-fontello' data-av_svg_icon='down-open-mini' data-av_iconset='svg_entypo-fontello'><svg version=\"1.1\" xmlns=\"http:\/\/www.w3.org\/2000\/svg\" width=\"15\" height=\"32\" viewBox=\"0 0 15 32\" preserveAspectRatio=\"xMidYMid meet\" aria-labelledby='av-svg-title-1' aria-describedby='av-svg-desc-1' role=\"graphics-symbol\" aria-hidden=\"true\">\n<title id='av-svg-title-1'>Scroll to next section<\/title>\n<desc id='av-svg-desc-1'>Scroll to next section<\/desc>\n<path d=\"M12.96 12.16q0.704-0.832 1.536 0 0.832 0.704 0 1.536l-6.272 6.144q-0.704 0.704-1.536 0l-6.272-6.144q-0.832-0.832 0-1.536 0.768-0.768 1.6 0l5.44 4.992z\"><\/path>\n<\/svg><\/a><div class='container av-section-cont-open' style='height:570px'><main  role=\"main\" itemprop=\"mainContentOfPage\"  class='template-page content  av-content-small alpha units'><div class='post-entry post-entry-type-page post-entry-1604'><div class='entry-content-wrapper clearfix'>\n<\/div><\/div><\/main><!-- close content main element --><\/div><\/div><\/div>\n<style type=\"text\/css\" data-created_by=\"avia_inline_auto\" id=\"style-css-av-4ebnt-ce1a8816b290a67df11c1191a7d640ca\">\n.avia-section.av-4ebnt-ce1a8816b290a67df11c1191a7d640ca .av-section-color-overlay{\nopacity:0.7;\nbackground-color:#ffffff;\n}\n<\/style>\n<div id='av_section_2'  class='avia-section av-4ebnt-ce1a8816b290a67df11c1191a7d640ca main_color avia-section-default avia-no-border-styling  avia-builder-el-1  el_after_av_section  el_before_av_section  avia-bg-style-scroll av-section-color-overlay-active container_wrap sidebar_right'  ><div class=\"av-section-color-overlay-wrap\"><div class=\"av-section-color-overlay\"><\/div><div class='container av-section-cont-open' ><div class='template-page content  av-content-small alpha units'><div class='post-entry post-entry-type-page post-entry-1604'><div class='entry-content-wrapper clearfix'>\n\n<style type=\"text\/css\" data-created_by=\"avia_inline_auto\" id=\"style-css-av-njpbd-cd27cb1d027abb0cf4c1982648c4b1c5\">\n.flex_column.av-njpbd-cd27cb1d027abb0cf4c1982648c4b1c5{\nborder-radius:0px 0px 0px 0px;\npadding:0px 0px 0px 0px;\n}\n<\/style>\n<div  class='flex_column av-njpbd-cd27cb1d027abb0cf4c1982648c4b1c5 av_one_fifth  avia-builder-el-2  el_before_av_three_fifth  avia-builder-el-first  first flex_column_div av-zero-column-padding  '     ><\/div>\n<style type=\"text\/css\" data-created_by=\"avia_inline_auto\" id=\"style-css-av-f63ah-00cbda070ac0017dbec02ad272a3df0a\">\n.flex_column.av-f63ah-00cbda070ac0017dbec02ad272a3df0a{\nborder-radius:0px 0px 0px 0px;\npadding:0px 0px 0px 0px;\n}\n<\/style>\n<div  class='flex_column av-f63ah-00cbda070ac0017dbec02ad272a3df0a av_three_fifth  avia-builder-el-3  el_after_av_one_fifth  el_before_av_one_fifth  flex_column_div av-zero-column-padding  '     ><p>\n<style type=\"text\/css\" data-created_by=\"avia_inline_auto\" id=\"style-css-av-bcm7t-01aeecead31e54cd5cf5fb76863c9a26\">\n#top .av-special-heading.av-bcm7t-01aeecead31e54cd5cf5fb76863c9a26{\npadding-bottom:10px;\ncolor:#da291c;\n}\nbody .av-special-heading.av-bcm7t-01aeecead31e54cd5cf5fb76863c9a26 .av-special-heading-tag .heading-char{\nfont-size:25px;\n}\n.av-special-heading.av-bcm7t-01aeecead31e54cd5cf5fb76863c9a26 .special-heading-inner-border{\nborder-color:#da291c;\n}\n.av-special-heading.av-bcm7t-01aeecead31e54cd5cf5fb76863c9a26 .av-subheading{\nfont-size:15px;\n}\n<\/style>\n<div  class='av-special-heading av-bcm7t-01aeecead31e54cd5cf5fb76863c9a26 av-special-heading-h2 custom-color-heading blockquote modern-quote  avia-builder-el-4  el_before_av_image  avia-builder-el-first '><h2 class='av-special-heading-tag '  itemprop=\"headline\"  >Porqu\u00ea o Paquist\u00e3o? Conhe\u00e7a o ponto de come\u00e7o da nossa viagem.<\/h2><div class=\"special-heading-border\"><div class=\"special-heading-inner-border\"><\/div><\/div><\/div><br \/>\n\n<style type=\"text\/css\" data-created_by=\"avia_inline_auto\" id=\"style-css-av-kjyfnby6-f6f4ce9873add20183c90199598ad057\">\n.avia-image-container.av-kjyfnby6-f6f4ce9873add20183c90199598ad057 img.avia_image{\nbox-shadow:none;\n}\n.avia-image-container.av-kjyfnby6-f6f4ce9873add20183c90199598ad057 .av-image-caption-overlay-center{\ncolor:#ffffff;\n}\n<\/style>\n<div  class='avia-image-container av-kjyfnby6-f6f4ce9873add20183c90199598ad057 av-styling- avia-align-center  avia-builder-el-5  el_after_av_heading  el_before_av_hr '   itemprop=\"image\" itemscope=\"itemscope\" itemtype=\"https:\/\/schema.org\/ImageObject\" ><div class=\"avia-image-container-inner\"><div class=\"avia-image-overlay-wrap\"><img decoding=\"async\" fetchpriority=\"high\" class='wp-image-2969 avia-img-lazy-loading-not-2969 avia_image ' src=\"https:\/\/tryfoundation.com\/wp-content\/uploads\/2020\/11\/IMG_8831-1030x687.jpg\" alt='' title='IMG_8831'  height=\"687\" width=\"1030\"  itemprop=\"thumbnailUrl\" srcset=\"https:\/\/tryfoundation.com\/wp-content\/uploads\/2020\/11\/IMG_8831-1030x687.jpg 1030w, https:\/\/tryfoundation.com\/wp-content\/uploads\/2020\/11\/IMG_8831-300x200.jpg 300w, https:\/\/tryfoundation.com\/wp-content\/uploads\/2020\/11\/IMG_8831-768x512.jpg 768w, https:\/\/tryfoundation.com\/wp-content\/uploads\/2020\/11\/IMG_8831-1536x1024.jpg 1536w, https:\/\/tryfoundation.com\/wp-content\/uploads\/2020\/11\/IMG_8831-2048x1365.jpg 2048w, https:\/\/tryfoundation.com\/wp-content\/uploads\/2020\/11\/IMG_8831-1500x1000.jpg 1500w, https:\/\/tryfoundation.com\/wp-content\/uploads\/2020\/11\/IMG_8831-705x470.jpg 705w\" sizes=\"(max-width: 1030px) 100vw, 1030px\" \/><\/div><\/div><\/div><br \/>\n\n<style type=\"text\/css\" data-created_by=\"avia_inline_auto\" id=\"style-css-av-kjyfp0dw-02b977674cb6ea8dbb2a1f1cc5f004c2\">\n#top .hr.hr-invisible.av-kjyfp0dw-02b977674cb6ea8dbb2a1f1cc5f004c2{\nheight:50px;\n}\n<\/style>\n<div  class='hr av-kjyfp0dw-02b977674cb6ea8dbb2a1f1cc5f004c2 hr-invisible  avia-builder-el-6  el_after_av_image  el_before_av_textblock '><span class='hr-inner '><span class=\"hr-inner-style\"><\/span><\/span><\/div><br \/>\n<section  class='av_textblock_section av-kd3lq82y-ca06333ab456608ebeb52dd3491d8f05 '   itemscope=\"itemscope\" itemtype=\"https:\/\/schema.org\/CreativeWork\" ><div class='avia_textblock'  itemprop=\"text\" ><p>O Paquist\u00e3o \u00e9 uma terra com lindas paisagens, grandes quantidades de terra ar\u00e1vel e uma jovem e emergente for\u00e7a de trabalho (World Bank, 2018). Tem tamb\u00e9m uma lucrativa ind\u00fastria t\u00eaxtil, uma das maiores do mundo. No entanto, o potencial de crescimento sustent\u00e1vel incontest\u00e1vel \u00e9 debilitado por fatores sociais tais como pobreza e baixos n\u00edveis de educa\u00e7\u00e3o.&#13;<br \/>\n&#13;<br \/>\nDe acordo com uma recente an\u00e1lise pelo The Economist, eis alguns dos fatores que abrandam o progresso da educa\u00e7\u00e3o no Paquist\u00e3o:&#13;<\/p>\n<ul>&#13;<\/p>\n<li>Governos extremistas em \u00e1reas vulner\u00e1veis;<\/li>\n<p>&#13;<\/p>\n<li>Pobreza;<\/li>\n<p>&#13;<\/p>\n<li>Escolas de baixa qualidade, e;<\/li>\n<p>&#13;<\/p>\n<li>Falta de investimento financeiro pelos pol\u00edticos.<\/li>\n<p>&#13;\n<\/ul>\n<p>&#13;<br \/>\nOutro fator que impacta os n\u00edveis de literacia do Paquist\u00e3o \u00e9 o apoio externo, cujos ciclos inconstantes t\u00eam primeiro estimulado e depois abandonado o desenvolvimento educacional. Mesmo em alturas de apoio externo abundante, n\u00e3o havia sustentabilidade; mal essa ajuda era retirada, o progresso alcan\u00e7ado voltava \u00e0 estaca zero numa quest\u00e3o de anos.&#13;<br \/>\n&#13;<br \/>\nPor essa raz\u00e3o, a funda\u00e7\u00e3o TRY quer ter impacto real nas comunidades que se autossustentar\u00e3o quando a funda\u00e7\u00e3o j\u00e1 n\u00e3o l\u00e1 estiver. Ao ajudar funda\u00e7\u00f5es locais, queremos dar a voz aos que realmente precisam, para que possam continuar com o trabalho a que demos come\u00e7o.&#13;<br \/>\n&#13;<br \/>\n\u201cUm caminho de desenvolvimento sustent\u00e1vel implica criar uma sociedade inclusiva, n\u00e3o s\u00f3 em termos de bem-estar econ\u00f3mico, mas que tamb\u00e9m d\u00e1 voz e fortalece todos os grupos.\u201d &#8211; World Bank&#13;<br \/>\n&#13;<br \/>\nQuando crian\u00e7as t\u00eam a hip\u00f3tese de disfrutar de n\u00edveis de educa\u00e7\u00e3o e emprego superiores aos dos seus pais, os n\u00edveis de desigualdade num pa\u00eds s\u00e3o reduzidos. Este ciclo permite uma sociedade aut\u00f3noma, onde crian\u00e7as que recebem educa\u00e7\u00e3o se tornam em propagadores de mudan\u00e7a dentro das comunidades.<\/p>\n<\/div><\/section><\/p><\/div>\n<style type=\"text\/css\" data-created_by=\"avia_inline_auto\" id=\"style-css-av-7gfx5-65e856c8ce68108870e27be2545b095e\">\n.flex_column.av-7gfx5-65e856c8ce68108870e27be2545b095e{\nborder-radius:0px 0px 0px 0px;\npadding:0px 0px 0px 0px;\n}\n<\/style>\n<div  class='flex_column av-7gfx5-65e856c8ce68108870e27be2545b095e av_one_fifth  avia-builder-el-8  el_after_av_three_fifth  avia-builder-el-last  flex_column_div av-zero-column-padding  '     ><\/div>\n\n<\/div><\/div><\/div><!-- close content main div --><\/div><\/div><\/div>\n<style type=\"text\/css\" data-created_by=\"avia_inline_auto\" id=\"style-css-av-kcllwng0-07baeaf8c423f4cb6ece80cb3bbbf4c5\">\n.avia-section.av-kcllwng0-07baeaf8c423f4cb6ece80cb3bbbf4c5{\nbackground-color:#efefef;\nbackground-image:unset;\nmargin-top:0px;\nmargin-bottom:0px;\n}\n.avia-section.av-kcllwng0-07baeaf8c423f4cb6ece80cb3bbbf4c5 .av-section-color-overlay{\nopacity:1;\nbackground-image:url(https:\/\/tryfoundation.com\/wp-content\/uploads\/2020\/10\/center-page-image-border-01.png);\nbackground-repeat:repeat;\n}\n<\/style>\n<div id='av_section_3'  class='avia-section av-kcllwng0-07baeaf8c423f4cb6ece80cb3bbbf4c5 main_color avia-section-small avia-no-border-styling  avia-builder-el-9  el_after_av_section  avia-builder-el-last  slider avia-bg-style-scroll av-section-color-overlay-active av-minimum-height av-minimum-height-custom av-height-custom  container_wrap sidebar_right'   data-av_minimum_height_px='812'><div class=\"av-section-color-overlay-wrap\"><div class=\"av-section-color-overlay\"><\/div><div class='container av-section-cont-open' style='height:812px'><div class='template-page content  av-content-small alpha units'><div class='post-entry post-entry-type-page post-entry-1604'><div class='entry-content-wrapper clearfix'>\n\n<style type=\"text\/css\" data-created_by=\"avia_inline_auto\" id=\"style-css-av-kj1kszsd-79323fbbb5f7377c75a77cdb2fc153c6\">\n#top .hr.hr-invisible.av-kj1kszsd-79323fbbb5f7377c75a77cdb2fc153c6{\nheight:250px;\n}\n<\/style>\n<div  class='hr av-kj1kszsd-79323fbbb5f7377c75a77cdb2fc153c6 hr-invisible  avia-builder-el-10  el_before_av_textblock  avia-builder-el-first '><span class='hr-inner '><span class=\"hr-inner-style\"><\/span><\/span><\/div>\n\n<style type=\"text\/css\" data-created_by=\"avia_inline_auto\" id=\"style-css-av-kh4odwip-98ef55ec9e1cad1ab4a368ff981cea20\">\n#top .av_textblock_section.av-kh4odwip-98ef55ec9e1cad1ab4a368ff981cea20 .avia_textblock{\ncolor:#ffffff;\n}\n<\/style>\n<section  class='av_textblock_section av-kh4odwip-98ef55ec9e1cad1ab4a368ff981cea20 '   itemscope=\"itemscope\" itemtype=\"https:\/\/schema.org\/CreativeWork\" ><div class='avia_textblock post pline-height em av_inherit_color'  itemprop=\"text\" ><h2 style=\"text-align: center;\"><span style=\"color: #da291c;\">O Paquist\u00e3o \u00e9 s\u00f3 o come\u00e7o.<\/span><\/h2>\n<p>&#13;<\/p>\n<h2 style=\"text-align: center;\"><span style=\"color: #da291c;\">Conhece uma organiza\u00e7\u00e3o parecida?<\/span><\/h2>\n<p>&#13;<\/p>\n<h2 style=\"text-align: center;\"><span style=\"color: #da291c;\">Conte-nos sobre ONGs no&#13;<br \/>\nseu pa\u00eds.<\/span><\/h2>\n<\/div><\/section>\n<div  class='avia-button-wrap av-kf2gnf82-316452daa558556be46cd2ce4cd4e7fa-wrap avia-button-center  avia-builder-el-12  el_after_av_textblock  avia-builder-el-last  yellow'>\n<style type=\"text\/css\" data-created_by=\"avia_inline_auto\" id=\"style-css-av-kf2gnf82-316452daa558556be46cd2ce4cd4e7fa\">\n#top #wrap_all .avia-button.av-kf2gnf82-316452daa558556be46cd2ce4cd4e7fa{\nbackground-color:#444444;\nborder-color:#444444;\ncolor:#ffffff;\ntransition:all 0.4s ease-in-out;\n}\n#top #wrap_all .avia-button.av-kf2gnf82-316452daa558556be46cd2ce4cd4e7fa .avia-svg-icon svg:first-child{\nfill:#ffffff;\nstroke:#ffffff;\n}\n<\/style>\n<a href='https:\/\/tryfoundation.com\/contact\/'  class='avia-button av-kf2gnf82-316452daa558556be46cd2ce4cd4e7fa av-link-btn avia-icon_select-no avia-size-x-large avia-position-center'   aria-label=\"Contacte-nos\"><span class='avia_iconbox_title' >Contacte-nos<\/span><\/a><\/div>\n<\/div><\/div><\/div><!-- close content main div --><\/div><\/div><\/div><div id='after_section_3'  class='main_color av_default_container_wrap container_wrap sidebar_right'  ><div class='container av-section-cont-open' ><div class='template-page content  av-content-small alpha units'><div class='post-entry post-entry-type-page post-entry-1604'><div class='entry-content-wrapper clearfix'>\n","protected":false},"excerpt":{"rendered":"","protected":false},"author":2,"featured_media":0,"parent":0,"menu_order":0,"comment_status":"closed","ping_status":"closed","template":"","meta":{"footnotes":""},"class_list":["post-1604","page","type-page","status-publish","hentry"],"yoast_head":"<!-- This site is optimized with the Yoast SEO plugin v27.3 - https:\/\/yoast.com\/product\/yoast-seo-wordpress\/ -->\n<title>Porqu\u00ea o Paquist\u00e3o? - TRY Foundation<\/title>\n<meta name=\"description\" content=\"O Paquist\u00e3o \u00e9 uma terra com lindas paisagens, grandes quantidades de terra ar\u00e1vel e uma jovem e emergente for\u00e7a de trabalho.\" \/>\n<meta name=\"robots\" content=\"index, follow, max-snippet:-1, max-image-preview:large, max-video-preview:-1\" \/>\n<link rel=\"canonical\" href=\"https:\/\/tryfoundation.com\/pt-pt\/porque-o-paquistao\/\" \/>\n<meta property=\"og:locale\" content=\"pt_PT\" \/>\n<meta property=\"og:type\" content=\"article\" \/>\n<meta property=\"og:title\" content=\"Porqu\u00ea o Paquist\u00e3o? - TRY Foundation\" \/>\n<meta property=\"og:description\" content=\"O Paquist\u00e3o \u00e9 uma terra com lindas paisagens, grandes quantidades de terra ar\u00e1vel e uma jovem e emergente for\u00e7a de trabalho.\" \/>\n<meta property=\"og:url\" content=\"https:\/\/tryfoundation.com\/pt-pt\/porque-o-paquistao\/\" \/>\n<meta property=\"og:site_name\" content=\"TRY Foundation\" \/>\n<meta property=\"article:modified_time\" content=\"2021-04-25T20:21:34+00:00\" \/>\n<meta name=\"twitter:card\" content=\"summary_large_image\" \/>\n<meta name=\"twitter:label1\" content=\"Tempo estimado de leitura\" \/>\n\t<meta name=\"twitter:data1\" content=\"8 minutos\" \/>\n<script type=\"application\/ld+json\" class=\"yoast-schema-graph\">{\"@context\":\"https:\\\/\\\/schema.org\",\"@graph\":[{\"@type\":\"WebPage\",\"@id\":\"https:\\\/\\\/tryfoundation.com\\\/pt-pt\\\/porque-o-paquistao\\\/\",\"url\":\"https:\\\/\\\/tryfoundation.com\\\/pt-pt\\\/porque-o-paquistao\\\/\",\"name\":\"Porqu\u00ea o Paquist\u00e3o? - TRY Foundation\",\"isPartOf\":{\"@id\":\"https:\\\/\\\/tryfoundation.com\\\/#website\"},\"datePublished\":\"2021-04-25T20:21:32+00:00\",\"dateModified\":\"2021-04-25T20:21:34+00:00\",\"description\":\"O Paquist\u00e3o \u00e9 uma terra com lindas paisagens, grandes quantidades de terra ar\u00e1vel e uma jovem e emergente for\u00e7a de trabalho.\",\"breadcrumb\":{\"@id\":\"https:\\\/\\\/tryfoundation.com\\\/pt-pt\\\/porque-o-paquistao\\\/#breadcrumb\"},\"inLanguage\":\"pt-PT\",\"potentialAction\":[{\"@type\":\"ReadAction\",\"target\":[\"https:\\\/\\\/tryfoundation.com\\\/pt-pt\\\/porque-o-paquistao\\\/\"]}]},{\"@type\":\"BreadcrumbList\",\"@id\":\"https:\\\/\\\/tryfoundation.com\\\/pt-pt\\\/porque-o-paquistao\\\/#breadcrumb\",\"itemListElement\":[{\"@type\":\"ListItem\",\"position\":1,\"name\":\"Home\",\"item\":\"https:\\\/\\\/tryfoundation.com\\\/pt-pt\\\/\"},{\"@type\":\"ListItem\",\"position\":2,\"name\":\"Porqu\u00ea o Paquist\u00e3o?\"}]},{\"@type\":\"WebSite\",\"@id\":\"https:\\\/\\\/tryfoundation.com\\\/#website\",\"url\":\"https:\\\/\\\/tryfoundation.com\\\/\",\"name\":\"TRY Foundation\",\"description\":\"\",\"potentialAction\":[{\"@type\":\"SearchAction\",\"target\":{\"@type\":\"EntryPoint\",\"urlTemplate\":\"https:\\\/\\\/tryfoundation.com\\\/?s={search_term_string}\"},\"query-input\":{\"@type\":\"PropertyValueSpecification\",\"valueRequired\":true,\"valueName\":\"search_term_string\"}}],\"inLanguage\":\"pt-PT\"}]}<\/script>\n<!-- \/ Yoast SEO plugin. -->","yoast_head_json":{"title":"Porqu\u00ea o Paquist\u00e3o? - TRY Foundation","description":"O Paquist\u00e3o \u00e9 uma terra com lindas paisagens, grandes quantidades de terra ar\u00e1vel e uma jovem e emergente for\u00e7a de trabalho.","robots":{"index":"index","follow":"follow","max-snippet":"max-snippet:-1","max-image-preview":"max-image-preview:large","max-video-preview":"max-video-preview:-1"},"canonical":"https:\/\/tryfoundation.com\/pt-pt\/porque-o-paquistao\/","og_locale":"pt_PT","og_type":"article","og_title":"Porqu\u00ea o Paquist\u00e3o? - TRY Foundation","og_description":"O Paquist\u00e3o \u00e9 uma terra com lindas paisagens, grandes quantidades de terra ar\u00e1vel e uma jovem e emergente for\u00e7a de trabalho.","og_url":"https:\/\/tryfoundation.com\/pt-pt\/porque-o-paquistao\/","og_site_name":"TRY Foundation","article_modified_time":"2021-04-25T20:21:34+00:00","twitter_card":"summary_large_image","twitter_misc":{"Tempo estimado de leitura":"8 minutos"},"schema":{"@context":"https:\/\/schema.org","@graph":[{"@type":"WebPage","@id":"https:\/\/tryfoundation.com\/pt-pt\/porque-o-paquistao\/","url":"https:\/\/tryfoundation.com\/pt-pt\/porque-o-paquistao\/","name":"Porqu\u00ea o Paquist\u00e3o? - TRY Foundation","isPartOf":{"@id":"https:\/\/tryfoundation.com\/#website"},"datePublished":"2021-04-25T20:21:32+00:00","dateModified":"2021-04-25T20:21:34+00:00","description":"O Paquist\u00e3o \u00e9 uma terra com lindas paisagens, grandes quantidades de terra ar\u00e1vel e uma jovem e emergente for\u00e7a de trabalho.","breadcrumb":{"@id":"https:\/\/tryfoundation.com\/pt-pt\/porque-o-paquistao\/#breadcrumb"},"inLanguage":"pt-PT","potentialAction":[{"@type":"ReadAction","target":["https:\/\/tryfoundation.com\/pt-pt\/porque-o-paquistao\/"]}]},{"@type":"BreadcrumbList","@id":"https:\/\/tryfoundation.com\/pt-pt\/porque-o-paquistao\/#breadcrumb","itemListElement":[{"@type":"ListItem","position":1,"name":"Home","item":"https:\/\/tryfoundation.com\/pt-pt\/"},{"@type":"ListItem","position":2,"name":"Porqu\u00ea o Paquist\u00e3o?"}]},{"@type":"WebSite","@id":"https:\/\/tryfoundation.com\/#website","url":"https:\/\/tryfoundation.com\/","name":"TRY Foundation","description":"","potentialAction":[{"@type":"SearchAction","target":{"@type":"EntryPoint","urlTemplate":"https:\/\/tryfoundation.com\/?s={search_term_string}"},"query-input":{"@type":"PropertyValueSpecification","valueRequired":true,"valueName":"search_term_string"}}],"inLanguage":"pt-PT"}]}},"_links":{"self":[{"href":"https:\/\/tryfoundation.com\/pt-pt\/wp-json\/wp\/v2\/pages\/1604","targetHints":{"allow":["GET"]}}],"collection":[{"href":"https:\/\/tryfoundation.com\/pt-pt\/wp-json\/wp\/v2\/pages"}],"about":[{"href":"https:\/\/tryfoundation.com\/pt-pt\/wp-json\/wp\/v2\/types\/page"}],"author":[{"embeddable":true,"href":"https:\/\/tryfoundation.com\/pt-pt\/wp-json\/wp\/v2\/users\/2"}],"replies":[{"embeddable":true,"href":"https:\/\/tryfoundation.com\/pt-pt\/wp-json\/wp\/v2\/comments?post=1604"}],"version-history":[{"count":5,"href":"https:\/\/tryfoundation.com\/pt-pt\/wp-json\/wp\/v2\/pages\/1604\/revisions"}],"predecessor-version":[{"id":1609,"href":"https:\/\/tryfoundation.com\/pt-pt\/wp-json\/wp\/v2\/pages\/1604\/revisions\/1609"}],"wp:attachment":[{"href":"https:\/\/tryfoundation.com\/pt-pt\/wp-json\/wp\/v2\/media?parent=1604"}],"curies":[{"name":"wp","href":"https:\/\/api.w.org\/{rel}","templated":true}]}}