{"id":1586,"date":"2021-04-25T21:01:23","date_gmt":"2021-04-25T20:01:23","guid":{"rendered":"https:\/\/tryfoundation.com\/a-missao\/"},"modified":"2021-04-25T21:01:27","modified_gmt":"2021-04-25T20:01:27","slug":"a-missao","status":"publish","type":"page","link":"https:\/\/tryfoundation.com\/pt-pt\/a-missao\/","title":{"rendered":"A Miss\u00e3o"},"content":{"rendered":"\n<style type=\"text\/css\" data-created_by=\"avia_inline_auto\" id=\"style-css-av-kcllwng0-0046f199e6f17b052cb48184d93077d1\">\n.avia-section.av-kcllwng0-0046f199e6f17b052cb48184d93077d1{\nbackground-color:#da291c;\nbackground-image:url(https:\/\/tryfoundation.com\/wp-content\/uploads\/2020\/12\/5.png);\nbackground-repeat:no-repeat;\nbackground-position:50% 0%;\nbackground-attachment:scroll;\nmargin-top:0px;\nmargin-bottom:0px;\n}\n.avia-section.av-kcllwng0-0046f199e6f17b052cb48184d93077d1 .av-section-color-overlay{\nopacity:1;\nbackground-image:url(https:\/\/tryfoundation.com\/wp-content\/uploads\/2020\/10\/above-the-fold-borders-01.png);\nbackground-repeat:repeat;\n}\n<\/style>\n<div id='av_section_1'  class='avia-section av-kcllwng0-0046f199e6f17b052cb48184d93077d1 main_color avia-section-default avia-no-border-styling  avia-builder-el-0  el_before_av_section  avia-builder-el-first  hero avia-full-stretch avia-bg-style-scroll av-section-color-overlay-active av-minimum-height av-minimum-height-custom av-height-custom  container_wrap sidebar_right'  data-section-bg-repeat='stretch' data-av_minimum_height_px='570'><div class=\"av-section-color-overlay-wrap\"><div class=\"av-section-color-overlay\"><\/div><a href='#next-section' title='' class='scroll-down-link  avia-svg-icon avia-font-svg_entypo-fontello' data-av_svg_icon='down-open-mini' data-av_iconset='svg_entypo-fontello'><svg version=\"1.1\" xmlns=\"http:\/\/www.w3.org\/2000\/svg\" width=\"15\" height=\"32\" viewBox=\"0 0 15 32\" preserveAspectRatio=\"xMidYMid meet\" aria-labelledby='av-svg-title-1' aria-describedby='av-svg-desc-1' role=\"graphics-symbol\" aria-hidden=\"true\">\n<title id='av-svg-title-1'>Scroll to next section<\/title>\n<desc id='av-svg-desc-1'>Scroll to next section<\/desc>\n<path d=\"M12.96 12.16q0.704-0.832 1.536 0 0.832 0.704 0 1.536l-6.272 6.144q-0.704 0.704-1.536 0l-6.272-6.144q-0.832-0.832 0-1.536 0.768-0.768 1.6 0l5.44 4.992z\"><\/path>\n<\/svg><\/a><div class='container av-section-cont-open' style='height:570px'><main  role=\"main\" itemprop=\"mainContentOfPage\"  class='template-page content  av-content-small alpha units'><div class='post-entry post-entry-type-page post-entry-1586'><div class='entry-content-wrapper clearfix'>\n<\/div><\/div><\/main><!-- close content main element --><\/div><\/div><\/div>\n<style type=\"text\/css\" data-created_by=\"avia_inline_auto\" id=\"style-css-av-4ebnt-ce1a8816b290a67df11c1191a7d640ca\">\n.avia-section.av-4ebnt-ce1a8816b290a67df11c1191a7d640ca .av-section-color-overlay{\nopacity:0.7;\nbackground-color:#ffffff;\n}\n<\/style>\n<div id='av_section_2'  class='avia-section av-4ebnt-ce1a8816b290a67df11c1191a7d640ca main_color avia-section-default avia-no-border-styling  avia-builder-el-1  el_after_av_section  avia-builder-el-last  avia-bg-style-scroll av-section-color-overlay-active container_wrap sidebar_right'  ><div class=\"av-section-color-overlay-wrap\"><div class=\"av-section-color-overlay\"><\/div><div class='container av-section-cont-open' ><div class='template-page content  av-content-small alpha units'><div class='post-entry post-entry-type-page post-entry-1586'><div class='entry-content-wrapper clearfix'>\n\n<style type=\"text\/css\" data-created_by=\"avia_inline_auto\" id=\"style-css-av-yk422-6178756f91e819d9c28e267ffcbb1aab\">\n.flex_column.av-yk422-6178756f91e819d9c28e267ffcbb1aab{\nborder-radius:0px 0px 0px 0px;\npadding:0px 0px 0px 0px;\n}\n<\/style>\n<div  class='flex_column av-yk422-6178756f91e819d9c28e267ffcbb1aab av_three_fifth  avia-builder-el-2  el_before_av_two_fifth  avia-builder-el-first  first flex_column_div av-zero-column-padding  '     ><p>\n<style type=\"text\/css\" data-created_by=\"avia_inline_auto\" id=\"style-css-av-av_heading-a0eeec9d2c171478642610353abe6e6a\">\n#top .av-special-heading.av-av_heading-a0eeec9d2c171478642610353abe6e6a{\npadding-bottom:10px;\ncolor:#da291c;\n}\nbody .av-special-heading.av-av_heading-a0eeec9d2c171478642610353abe6e6a .av-special-heading-tag .heading-char{\nfont-size:25px;\n}\n.av-special-heading.av-av_heading-a0eeec9d2c171478642610353abe6e6a .special-heading-inner-border{\nborder-color:#da291c;\n}\n.av-special-heading.av-av_heading-a0eeec9d2c171478642610353abe6e6a .av-subheading{\nfont-size:15px;\n}\n<\/style>\n<div  class='av-special-heading av-av_heading-a0eeec9d2c171478642610353abe6e6a av-special-heading-h2 custom-color-heading blockquote modern-quote  avia-builder-el-3  el_before_av_textblock  avia-builder-el-first '><h2 class='av-special-heading-tag '  itemprop=\"headline\"  >Creating a movement<br \/>through connection<\/h2><div class=\"special-heading-border\"><div class=\"special-heading-inner-border\"><\/div><\/div><\/div><br \/>\n<section  class='av_textblock_section av-kd3lq82y-ca06333ab456608ebeb52dd3491d8f05 '   itemscope=\"itemscope\" itemtype=\"https:\/\/schema.org\/CreativeWork\" ><div class='avia_textblock'  itemprop=\"text\" ><p>O movimento Red Yarn (TRY) foi criado por Henri\u00ebtte Schefer quando ela entregava novelos de l\u00e3 vermelha em troca pela oportunidade de contar a sua hist\u00f3ria e sensibilizar o seu publico em rela\u00e7\u00e3o \u00e0 educa\u00e7\u00e3o no Paquist\u00e3o. Desde 2018, o novelo vermelho tornou-se o&#13;<br \/>\ns\u00edmbolo de uni\u00e3o que a TRY aspira promover.&#13;<br \/>\n&#13;<br \/>\nPor 1\u20ac, um peda\u00e7o simb\u00f3lico de fio, por 10\u20ac, uma pulseira. Cada doa\u00e7\u00e3o, grande ou pequena, contribui para o movimento mundial pela educa\u00e7\u00e3o, e atrav\u00e9s das liga\u00e7\u00f5es criadas, uma hist\u00f3ria torna-se em muitas.&#13;<br \/>\n&#13;<br \/>\nJunte-se \u00e0 nossa miss\u00e3o e fa\u00e7a parte dessa hist\u00f3ria.<\/p>\n<\/div><\/section><br \/>\n\n<style type=\"text\/css\" data-created_by=\"avia_inline_auto\" id=\"style-css-av-khm3hao5-5c4cbc253815af40d663dc3368c92e1c\">\n#top .hr.hr-invisible.av-khm3hao5-5c4cbc253815af40d663dc3368c92e1c{\nheight:50px;\n}\n<\/style>\n<div  class='hr av-khm3hao5-5c4cbc253815af40d663dc3368c92e1c hr-invisible  avia-builder-el-5  el_after_av_textblock  el_before_av_button '><span class='hr-inner '><span class=\"hr-inner-style\"><\/span><\/span><\/div><br \/>\n<div  class='avia-button-wrap av-kf2gnf82-9705ec2c2d3dc0c3da5792b3206e4922-wrap avia-button-left  avia-builder-el-6  el_after_av_hr  avia-builder-el-last  yellow'>\n<style type=\"text\/css\" data-created_by=\"avia_inline_auto\" id=\"style-css-av-kf2gnf82-9705ec2c2d3dc0c3da5792b3206e4922\">\n#top #wrap_all .avia-button.av-kf2gnf82-9705ec2c2d3dc0c3da5792b3206e4922{\nbackground-color:#444444;\nborder-color:#444444;\ncolor:#ffffff;\ntransition:all 0.4s ease-in-out;\n}\n#top #wrap_all .avia-button.av-kf2gnf82-9705ec2c2d3dc0c3da5792b3206e4922 .avia-svg-icon svg:first-child{\nfill:#ffffff;\nstroke:#ffffff;\n}\n<\/style>\n<a href='https:\/\/tryfoundation.com\/donate\/'  class='avia-button av-kf2gnf82-9705ec2c2d3dc0c3da5792b3206e4922 av-link-btn avia-icon_select-no avia-size-x-large avia-position-left'   aria-label=\"Involva-se\"><span class='avia_iconbox_title' >Involva-se<\/span><\/a><\/div><\/p><\/div>\n<style type=\"text\/css\" data-created_by=\"avia_inline_auto\" id=\"style-css-av-2ggnu-5c81f8b4bb34b197e2d6d9e1279d4732\">\n.flex_column.av-2ggnu-5c81f8b4bb34b197e2d6d9e1279d4732{\nborder-radius:0px 0px 0px 0px;\npadding:0px 0px 0px 0px;\n}\n<\/style>\n<div  class='flex_column av-2ggnu-5c81f8b4bb34b197e2d6d9e1279d4732 av_two_fifth  avia-builder-el-7  el_after_av_three_fifth  el_before_av_hr  flex_column_div av-zero-column-padding  '     ><style type=\"text\/css\" data-created_by=\"avia_inline_auto\" id=\"style-css-av-khm3fype-e53b73b8dfd628e64216ed14f90fb9c0\">\n.avia-image-container.av-khm3fype-e53b73b8dfd628e64216ed14f90fb9c0 img.avia_image{\nbox-shadow:none;\n}\n.avia-image-container.av-khm3fype-e53b73b8dfd628e64216ed14f90fb9c0 .av-image-caption-overlay-center{\ncolor:#ffffff;\n}\n<\/style>\n<div  class='avia-image-container av-khm3fype-e53b73b8dfd628e64216ed14f90fb9c0 av-styling-circle avia-align-right  avia-builder-el-8  avia-builder-el-no-sibling '   itemprop=\"image\" itemscope=\"itemscope\" itemtype=\"https:\/\/schema.org\/ImageObject\" ><div class=\"avia-image-container-inner\"><div class=\"avia-image-overlay-wrap\"><img decoding=\"async\" fetchpriority=\"high\" class='wp-image-2953 avia-img-lazy-loading-not-2953 avia_image ' src=\"https:\/\/tryfoundation.com\/wp-content\/uploads\/2020\/10\/Untitled-design-2.png\" alt='' title='Untitled design (2)'  height=\"1080\" width=\"1080\"  itemprop=\"thumbnailUrl\" srcset=\"https:\/\/tryfoundation.com\/wp-content\/uploads\/2020\/10\/Untitled-design-2.png 1080w, https:\/\/tryfoundation.com\/wp-content\/uploads\/2020\/10\/Untitled-design-2-300x300.png 300w, https:\/\/tryfoundation.com\/wp-content\/uploads\/2020\/10\/Untitled-design-2-1030x1030.png 1030w, https:\/\/tryfoundation.com\/wp-content\/uploads\/2020\/10\/Untitled-design-2-80x80.png 80w, https:\/\/tryfoundation.com\/wp-content\/uploads\/2020\/10\/Untitled-design-2-768x768.png 768w, https:\/\/tryfoundation.com\/wp-content\/uploads\/2020\/10\/Untitled-design-2-36x36.png 36w, https:\/\/tryfoundation.com\/wp-content\/uploads\/2020\/10\/Untitled-design-2-180x180.png 180w, https:\/\/tryfoundation.com\/wp-content\/uploads\/2020\/10\/Untitled-design-2-705x705.png 705w\" sizes=\"(max-width: 1080px) 100vw, 1080px\" \/><\/div><\/div><\/div><\/div>\n<style type=\"text\/css\" data-created_by=\"avia_inline_auto\" id=\"style-css-av-kifwb3s8-084e852c42c1dd0e327de4b5c3964084\">\n#top .hr.hr-invisible.av-kifwb3s8-084e852c42c1dd0e327de4b5c3964084{\nheight:150px;\n}\n<\/style>\n<div  class='hr av-kifwb3s8-084e852c42c1dd0e327de4b5c3964084 hr-invisible  avia-builder-el-9  el_after_av_two_fifth  el_before_av_two_fifth '><span class='hr-inner '><span class=\"hr-inner-style\"><\/span><\/span><\/div>\n\n<style type=\"text\/css\" data-created_by=\"avia_inline_auto\" id=\"style-css-av-5rt6-2ae1b28bd43784897071c0696d908cd4\">\n.flex_column.av-5rt6-2ae1b28bd43784897071c0696d908cd4{\nborder-radius:0px 0px 0px 0px;\npadding:0px 0px 0px 0px;\n}\n<\/style>\n<div  class='flex_column av-5rt6-2ae1b28bd43784897071c0696d908cd4 av_two_fifth  avia-builder-el-10  el_after_av_hr  el_before_av_three_fifth  first flex_column_div av-zero-column-padding  '     ><style type=\"text\/css\" data-created_by=\"avia_inline_auto\" id=\"style-css-av-khm3fype-d0355c6b1671db85e91491228b824d24\">\n.avia-image-container.av-khm3fype-d0355c6b1671db85e91491228b824d24 img.avia_image{\nbox-shadow:none;\n}\n.avia-image-container.av-khm3fype-d0355c6b1671db85e91491228b824d24 .av-image-caption-overlay-center{\ncolor:#ffffff;\n}\n<\/style>\n<div  class='avia-image-container av-khm3fype-d0355c6b1671db85e91491228b824d24 av-styling-circle avia-align-right  avia-builder-el-11  avia-builder-el-no-sibling '   itemprop=\"image\" itemscope=\"itemscope\" itemtype=\"https:\/\/schema.org\/ImageObject\" ><div class=\"avia-image-container-inner\"><div class=\"avia-image-overlay-wrap\"><img decoding=\"async\" fetchpriority=\"high\" class='wp-image-3136 avia-img-lazy-loading-not-3136 avia_image ' src=\"https:\/\/tryfoundation.com\/wp-content\/uploads\/2020\/11\/foto-voor-bandje-1.jpg\" alt='' title='foto voor bandje 1'  height=\"576\" width=\"576\"  itemprop=\"thumbnailUrl\" srcset=\"https:\/\/tryfoundation.com\/wp-content\/uploads\/2020\/11\/foto-voor-bandje-1.jpg 576w, https:\/\/tryfoundation.com\/wp-content\/uploads\/2020\/11\/foto-voor-bandje-1-300x300.jpg 300w, https:\/\/tryfoundation.com\/wp-content\/uploads\/2020\/11\/foto-voor-bandje-1-80x80.jpg 80w, https:\/\/tryfoundation.com\/wp-content\/uploads\/2020\/11\/foto-voor-bandje-1-36x36.jpg 36w, https:\/\/tryfoundation.com\/wp-content\/uploads\/2020\/11\/foto-voor-bandje-1-180x180.jpg 180w\" sizes=\"(max-width: 576px) 100vw, 576px\" \/><\/div><\/div><\/div><\/div>\n<style type=\"text\/css\" data-created_by=\"avia_inline_auto\" id=\"style-css-av-a05iy-4fbbde1ab25ccd567d5af433bbafe596\">\n.flex_column.av-a05iy-4fbbde1ab25ccd567d5af433bbafe596{\nborder-radius:0px 0px 0px 0px;\npadding:0px 0px 0px 0px;\n}\n<\/style>\n<div  class='flex_column av-a05iy-4fbbde1ab25ccd567d5af433bbafe596 av_three_fifth  avia-builder-el-12  el_after_av_two_fifth  avia-builder-el-last  flex_column_div av-zero-column-padding  '     ><p>\n<style type=\"text\/css\" data-created_by=\"avia_inline_auto\" id=\"style-css-av-av_heading-b569ecb9209e8f58458417b56b7e80e2\">\n#top .av-special-heading.av-av_heading-b569ecb9209e8f58458417b56b7e80e2{\npadding-bottom:10px;\ncolor:#da291c;\n}\nbody .av-special-heading.av-av_heading-b569ecb9209e8f58458417b56b7e80e2 .av-special-heading-tag .heading-char{\nfont-size:25px;\n}\n.av-special-heading.av-av_heading-b569ecb9209e8f58458417b56b7e80e2 .special-heading-inner-border{\nborder-color:#da291c;\n}\n.av-special-heading.av-av_heading-b569ecb9209e8f58458417b56b7e80e2 .av-subheading{\nfont-size:15px;\n}\n<\/style>\n<div  class='av-special-heading av-av_heading-b569ecb9209e8f58458417b56b7e80e2 av-special-heading-h2 custom-color-heading blockquote modern-quote modern-right  avia-builder-el-13  el_before_av_textblock  avia-builder-el-first '><h2 class='av-special-heading-tag '  itemprop=\"headline\"  >Partnering with<br \/>local NGOs<\/h2><div class=\"special-heading-border\"><div class=\"special-heading-inner-border\"><\/div><\/div><\/div><br \/>\n<section  class='av_textblock_section av-kd3lq82y-ca06333ab456608ebeb52dd3491d8f05 '   itemscope=\"itemscope\" itemtype=\"https:\/\/schema.org\/CreativeWork\" ><div class='avia_textblock'  itemprop=\"text\" ><p>De forma a garantir que trabalhamos com organiza\u00e7\u00f5es s\u00e9rias e respeit\u00e1veis, a TRY compromete-se a visit\u00e1-las e a testemunhar o trabalho que fazem em primeira m\u00e3o. A nossa inten\u00e7\u00e3o \u00e9 ajudar entidades locais a continuar a trabalhar pelas suas comunidades, da sua maneira \u2013 em interferir com os seus valores ou cultura: queremos ampliar as suas vozes.&#13;<br \/>\n&#13;<br \/>\nAspiramos ser uma funda\u00e7\u00e3o que aprende, que ouve o povo paquistan\u00eas e lhes providencia as ferramentas necess\u00e1rias para lograrem com o seu pr\u00f3prio valor.&#13;<br \/>\n&#13;<br \/>\nUma das funda\u00e7\u00f5es que inspirou o sonho da TRY, a Citizens Foundation (TCF), j\u00e1 construiu mais de 1500 escolas desde 1995, que providenciam educa\u00e7\u00e3o de qualidade para crian\u00e7as de todos os cantos do mundo. \u00c9 este o caminho que a TRY espera seguir.&#13;<br \/>\n&#13;<br \/>\nEm 2011, depois de ver em primeira m\u00e3o o sucesso das escolas prim\u00e1rias da TCF, tornou-se evidente para Henri\u00ebtte Sheffer que de forma a poder continuar com o grande trabalho j\u00e1 realizado, escolas secund\u00e1rias precisavam de ser constru\u00eddas. O Jet Campus tornou-se realidade no ano seguinte.&#13;<br \/>\n&#13;<br \/>\n\u00a0<\/p>\n<\/div><\/section><br \/>\n\n<style type=\"text\/css\" data-created_by=\"avia_inline_auto\" id=\"style-css-av-khm3hao5-5c4cbc253815af40d663dc3368c92e1c\">\n#top .hr.hr-invisible.av-khm3hao5-5c4cbc253815af40d663dc3368c92e1c{\nheight:50px;\n}\n<\/style>\n<div  class='hr av-khm3hao5-5c4cbc253815af40d663dc3368c92e1c hr-invisible  avia-builder-el-15  el_after_av_textblock  el_before_av_button '><span class='hr-inner '><span class=\"hr-inner-style\"><\/span><\/span><\/div><br \/>\n<div  class='avia-button-wrap av-kf2gnf82-2a03cc21913360af6238204ba661cd77-wrap avia-button-right  avia-builder-el-16  el_after_av_hr  avia-builder-el-last  yellow'>\n<style type=\"text\/css\" data-created_by=\"avia_inline_auto\" id=\"style-css-av-kf2gnf82-2a03cc21913360af6238204ba661cd77\">\n#top #wrap_all .avia-button.av-kf2gnf82-2a03cc21913360af6238204ba661cd77{\nbackground-color:#444444;\nborder-color:#444444;\ncolor:#ffffff;\ntransition:all 0.4s ease-in-out;\n}\n#top #wrap_all .avia-button.av-kf2gnf82-2a03cc21913360af6238204ba661cd77 .avia-svg-icon svg:first-child{\nfill:#ffffff;\nstroke:#ffffff;\n}\n<\/style>\n<a href='https:\/\/tryfoundation.com\/partners\/'  class='avia-button av-kf2gnf82-2a03cc21913360af6238204ba661cd77 av-link-btn avia-icon_select-no avia-size-x-large avia-position-right'   aria-label=\"os nossos parceiros\"><span class='avia_iconbox_title' >os nossos parceiros<\/span><\/a><\/div><\/p><\/div><\/div><\/div><\/div><!-- close content main div --><\/div><\/div><\/div><div id='after_section_2'  class='main_color av_default_container_wrap container_wrap sidebar_right'  ><div class='container av-section-cont-open' ><div class='template-page content  av-content-small alpha units'><div class='post-entry post-entry-type-page post-entry-1586'><div class='entry-content-wrapper clearfix'>\n","protected":false},"excerpt":{"rendered":"","protected":false},"author":1,"featured_media":0,"parent":0,"menu_order":0,"comment_status":"closed","ping_status":"closed","template":"","meta":{"footnotes":""},"class_list":["post-1586","page","type-page","status-publish","hentry"],"yoast_head":"<!-- This site is optimized with the Yoast SEO plugin v27.3 - https:\/\/yoast.com\/product\/yoast-seo-wordpress\/ -->\n<title>A Miss\u00e3o - TRY Foundation<\/title>\n<meta name=\"description\" content=\"O movimento Red Yarn (TRY) foi criado por Henri\u00ebtte Schefer quando ela entregava novelos de l\u00e3 vermelha em troca pela oportunidade de contar a sua hist\u00f3ria e sensibilizar o seu publico em rela\u00e7\u00e3o \u00e0 educa\u00e7\u00e3o no Paquist\u00e3o.\" \/>\n<meta name=\"robots\" content=\"index, follow, max-snippet:-1, max-image-preview:large, max-video-preview:-1\" \/>\n<link rel=\"canonical\" href=\"https:\/\/tryfoundation.com\/pt-pt\/a-missao\/\" \/>\n<meta property=\"og:locale\" content=\"pt_PT\" \/>\n<meta property=\"og:type\" content=\"article\" \/>\n<meta property=\"og:title\" content=\"A Miss\u00e3o - TRY Foundation\" \/>\n<meta property=\"og:description\" content=\"O movimento Red Yarn (TRY) foi criado por Henri\u00ebtte Schefer quando ela entregava novelos de l\u00e3 vermelha em troca pela oportunidade de contar a sua hist\u00f3ria e sensibilizar o seu publico em rela\u00e7\u00e3o \u00e0 educa\u00e7\u00e3o no Paquist\u00e3o.\" \/>\n<meta property=\"og:url\" content=\"https:\/\/tryfoundation.com\/pt-pt\/a-missao\/\" \/>\n<meta property=\"og:site_name\" content=\"TRY Foundation\" \/>\n<meta property=\"article:modified_time\" content=\"2021-04-25T20:01:27+00:00\" \/>\n<meta name=\"twitter:card\" content=\"summary_large_image\" \/>\n<meta name=\"twitter:label1\" content=\"Tempo estimado de leitura\" \/>\n\t<meta name=\"twitter:data1\" content=\"9 minutos\" \/>\n<script type=\"application\/ld+json\" class=\"yoast-schema-graph\">{\"@context\":\"https:\\\/\\\/schema.org\",\"@graph\":[{\"@type\":\"WebPage\",\"@id\":\"https:\\\/\\\/tryfoundation.com\\\/pt-pt\\\/a-missao\\\/\",\"url\":\"https:\\\/\\\/tryfoundation.com\\\/pt-pt\\\/a-missao\\\/\",\"name\":\"A Miss\u00e3o - TRY Foundation\",\"isPartOf\":{\"@id\":\"https:\\\/\\\/tryfoundation.com\\\/#website\"},\"datePublished\":\"2021-04-25T20:01:23+00:00\",\"dateModified\":\"2021-04-25T20:01:27+00:00\",\"description\":\"O movimento Red Yarn (TRY) foi criado por Henri\u00ebtte Schefer quando ela entregava novelos de l\u00e3 vermelha em troca pela oportunidade de contar a sua hist\u00f3ria e sensibilizar o seu publico em rela\u00e7\u00e3o \u00e0 educa\u00e7\u00e3o no Paquist\u00e3o.\",\"breadcrumb\":{\"@id\":\"https:\\\/\\\/tryfoundation.com\\\/pt-pt\\\/a-missao\\\/#breadcrumb\"},\"inLanguage\":\"pt-PT\",\"potentialAction\":[{\"@type\":\"ReadAction\",\"target\":[\"https:\\\/\\\/tryfoundation.com\\\/pt-pt\\\/a-missao\\\/\"]}]},{\"@type\":\"BreadcrumbList\",\"@id\":\"https:\\\/\\\/tryfoundation.com\\\/pt-pt\\\/a-missao\\\/#breadcrumb\",\"itemListElement\":[{\"@type\":\"ListItem\",\"position\":1,\"name\":\"Home\",\"item\":\"https:\\\/\\\/tryfoundation.com\\\/pt-pt\\\/\"},{\"@type\":\"ListItem\",\"position\":2,\"name\":\"A Miss\u00e3o\"}]},{\"@type\":\"WebSite\",\"@id\":\"https:\\\/\\\/tryfoundation.com\\\/#website\",\"url\":\"https:\\\/\\\/tryfoundation.com\\\/\",\"name\":\"TRY Foundation\",\"description\":\"\",\"potentialAction\":[{\"@type\":\"SearchAction\",\"target\":{\"@type\":\"EntryPoint\",\"urlTemplate\":\"https:\\\/\\\/tryfoundation.com\\\/?s={search_term_string}\"},\"query-input\":{\"@type\":\"PropertyValueSpecification\",\"valueRequired\":true,\"valueName\":\"search_term_string\"}}],\"inLanguage\":\"pt-PT\"}]}<\/script>\n<!-- \/ Yoast SEO plugin. -->","yoast_head_json":{"title":"A Miss\u00e3o - TRY Foundation","description":"O movimento Red Yarn (TRY) foi criado por Henri\u00ebtte Schefer quando ela entregava novelos de l\u00e3 vermelha em troca pela oportunidade de contar a sua hist\u00f3ria e sensibilizar o seu publico em rela\u00e7\u00e3o \u00e0 educa\u00e7\u00e3o no Paquist\u00e3o.","robots":{"index":"index","follow":"follow","max-snippet":"max-snippet:-1","max-image-preview":"max-image-preview:large","max-video-preview":"max-video-preview:-1"},"canonical":"https:\/\/tryfoundation.com\/pt-pt\/a-missao\/","og_locale":"pt_PT","og_type":"article","og_title":"A Miss\u00e3o - TRY Foundation","og_description":"O movimento Red Yarn (TRY) foi criado por Henri\u00ebtte Schefer quando ela entregava novelos de l\u00e3 vermelha em troca pela oportunidade de contar a sua hist\u00f3ria e sensibilizar o seu publico em rela\u00e7\u00e3o \u00e0 educa\u00e7\u00e3o no Paquist\u00e3o.","og_url":"https:\/\/tryfoundation.com\/pt-pt\/a-missao\/","og_site_name":"TRY Foundation","article_modified_time":"2021-04-25T20:01:27+00:00","twitter_card":"summary_large_image","twitter_misc":{"Tempo estimado de leitura":"9 minutos"},"schema":{"@context":"https:\/\/schema.org","@graph":[{"@type":"WebPage","@id":"https:\/\/tryfoundation.com\/pt-pt\/a-missao\/","url":"https:\/\/tryfoundation.com\/pt-pt\/a-missao\/","name":"A Miss\u00e3o - TRY Foundation","isPartOf":{"@id":"https:\/\/tryfoundation.com\/#website"},"datePublished":"2021-04-25T20:01:23+00:00","dateModified":"2021-04-25T20:01:27+00:00","description":"O movimento Red Yarn (TRY) foi criado por Henri\u00ebtte Schefer quando ela entregava novelos de l\u00e3 vermelha em troca pela oportunidade de contar a sua hist\u00f3ria e sensibilizar o seu publico em rela\u00e7\u00e3o \u00e0 educa\u00e7\u00e3o no Paquist\u00e3o.","breadcrumb":{"@id":"https:\/\/tryfoundation.com\/pt-pt\/a-missao\/#breadcrumb"},"inLanguage":"pt-PT","potentialAction":[{"@type":"ReadAction","target":["https:\/\/tryfoundation.com\/pt-pt\/a-missao\/"]}]},{"@type":"BreadcrumbList","@id":"https:\/\/tryfoundation.com\/pt-pt\/a-missao\/#breadcrumb","itemListElement":[{"@type":"ListItem","position":1,"name":"Home","item":"https:\/\/tryfoundation.com\/pt-pt\/"},{"@type":"ListItem","position":2,"name":"A Miss\u00e3o"}]},{"@type":"WebSite","@id":"https:\/\/tryfoundation.com\/#website","url":"https:\/\/tryfoundation.com\/","name":"TRY Foundation","description":"","potentialAction":[{"@type":"SearchAction","target":{"@type":"EntryPoint","urlTemplate":"https:\/\/tryfoundation.com\/?s={search_term_string}"},"query-input":{"@type":"PropertyValueSpecification","valueRequired":true,"valueName":"search_term_string"}}],"inLanguage":"pt-PT"}]}},"_links":{"self":[{"href":"https:\/\/tryfoundation.com\/pt-pt\/wp-json\/wp\/v2\/pages\/1586","targetHints":{"allow":["GET"]}}],"collection":[{"href":"https:\/\/tryfoundation.com\/pt-pt\/wp-json\/wp\/v2\/pages"}],"about":[{"href":"https:\/\/tryfoundation.com\/pt-pt\/wp-json\/wp\/v2\/types\/page"}],"author":[{"embeddable":true,"href":"https:\/\/tryfoundation.com\/pt-pt\/wp-json\/wp\/v2\/users\/1"}],"replies":[{"embeddable":true,"href":"https:\/\/tryfoundation.com\/pt-pt\/wp-json\/wp\/v2\/comments?post=1586"}],"version-history":[{"count":6,"href":"https:\/\/tryfoundation.com\/pt-pt\/wp-json\/wp\/v2\/pages\/1586\/revisions"}],"predecessor-version":[{"id":1594,"href":"https:\/\/tryfoundation.com\/pt-pt\/wp-json\/wp\/v2\/pages\/1586\/revisions\/1594"}],"wp:attachment":[{"href":"https:\/\/tryfoundation.com\/pt-pt\/wp-json\/wp\/v2\/media?parent=1586"}],"curies":[{"name":"wp","href":"https:\/\/api.w.org\/{rel}","templated":true}]}}