{"id":1538,"date":"2021-04-25T18:12:11","date_gmt":"2021-04-25T17:12:11","guid":{"rendered":"https:\/\/tryfoundation.com\/la-fondation\/"},"modified":"2021-04-25T18:12:12","modified_gmt":"2021-04-25T17:12:12","slug":"la-fondation","status":"publish","type":"page","link":"https:\/\/tryfoundation.com\/fr\/la-fondation\/","title":{"rendered":"La Fondation"},"content":{"rendered":"\n<style type=\"text\/css\" data-created_by=\"avia_inline_auto\" id=\"style-css-av-kcllwng0-ab4c17a0dd89520abc32ca363709c6b5\">\n.avia-section.av-kcllwng0-ab4c17a0dd89520abc32ca363709c6b5{\nbackground-repeat:no-repeat;\nbackground-image:url(https:\/\/tryfoundation.com\/wp-content\/uploads\/2020\/11\/1.jpg);\nbackground-position:50% 50%;\nbackground-attachment:scroll;\nmargin-top:0px;\nmargin-bottom:0px;\n}\n.avia-section.av-kcllwng0-ab4c17a0dd89520abc32ca363709c6b5 .av-section-color-overlay{\nopacity:1;\nbackground-image:url(https:\/\/tryfoundation.com\/wp-content\/uploads\/2020\/10\/above-the-fold-borders-01.png);\nbackground-repeat:repeat;\n}\n<\/style>\n<div id='av_section_1'  class='avia-section av-kcllwng0-ab4c17a0dd89520abc32ca363709c6b5 main_color avia-section-default avia-no-border-styling  avia-builder-el-0  el_before_av_section  avia-builder-el-first  hero avia-full-stretch avia-bg-style-scroll av-section-color-overlay-active av-minimum-height av-minimum-height-custom av-height-custom  container_wrap sidebar_right'  data-section-bg-repeat='stretch' data-av_minimum_height_px='570'><div class=\"av-section-color-overlay-wrap\"><div class=\"av-section-color-overlay\"><\/div><a href='#next-section' title='' class='scroll-down-link  avia-svg-icon avia-font-svg_entypo-fontello' data-av_svg_icon='down-open-mini' data-av_iconset='svg_entypo-fontello'><svg version=\"1.1\" xmlns=\"http:\/\/www.w3.org\/2000\/svg\" width=\"15\" height=\"32\" viewBox=\"0 0 15 32\" preserveAspectRatio=\"xMidYMid meet\" aria-labelledby='av-svg-title-1' aria-describedby='av-svg-desc-1' role=\"graphics-symbol\" aria-hidden=\"true\">\n<title id='av-svg-title-1'>Scroller vers la prochaine section<\/title>\n<desc id='av-svg-desc-1'>Scroller vers la prochaine section<\/desc>\n<path d=\"M12.96 12.16q0.704-0.832 1.536 0 0.832 0.704 0 1.536l-6.272 6.144q-0.704 0.704-1.536 0l-6.272-6.144q-0.832-0.832 0-1.536 0.768-0.768 1.6 0l5.44 4.992z\"><\/path>\n<\/svg><\/a><div class='container av-section-cont-open' style='height:570px'><main  role=\"main\" itemprop=\"mainContentOfPage\"  class='template-page content  av-content-small alpha units'><div class='post-entry post-entry-type-page post-entry-1538'><div class='entry-content-wrapper clearfix'>\n<\/div><\/div><\/main><!-- close content main element --><\/div><\/div><\/div>\n<style type=\"text\/css\" data-created_by=\"avia_inline_auto\" id=\"style-css-av-4ebnt-ce1a8816b290a67df11c1191a7d640ca\">\n.avia-section.av-4ebnt-ce1a8816b290a67df11c1191a7d640ca .av-section-color-overlay{\nopacity:0.7;\nbackground-color:#ffffff;\n}\n<\/style>\n<div id='av_section_2'  class='avia-section av-4ebnt-ce1a8816b290a67df11c1191a7d640ca main_color avia-section-default avia-no-border-styling  avia-builder-el-1  el_after_av_section  avia-builder-el-last  avia-bg-style-scroll av-section-color-overlay-active container_wrap sidebar_right'  ><div class=\"av-section-color-overlay-wrap\"><div class=\"av-section-color-overlay\"><\/div><div class='container av-section-cont-open' ><div class='template-page content  av-content-small alpha units'><div class='post-entry post-entry-type-page post-entry-1538'><div class='entry-content-wrapper clearfix'>\n\n<style type=\"text\/css\" data-created_by=\"avia_inline_auto\" id=\"style-css-av-khxhgw4y-1b90bf9c647fa5e2c38d1a184b40adf3\">\n#top .hr.hr-invisible.av-khxhgw4y-1b90bf9c647fa5e2c38d1a184b40adf3{\nheight:10px;\n}\n<\/style>\n<div  class='hr av-khxhgw4y-1b90bf9c647fa5e2c38d1a184b40adf3 hr-invisible  avia-builder-el-2  el_before_av_heading  avia-builder-el-first '><span class='hr-inner '><span class=\"hr-inner-style\"><\/span><\/span><\/div>\n\n<style type=\"text\/css\" data-created_by=\"avia_inline_auto\" id=\"style-css-av-av_heading-020df789dc56cd53c49d25740aa59a6b\">\n#top .av-special-heading.av-av_heading-020df789dc56cd53c49d25740aa59a6b{\npadding-bottom:10px;\ncolor:#da291c;\n}\nbody .av-special-heading.av-av_heading-020df789dc56cd53c49d25740aa59a6b .av-special-heading-tag .heading-char{\nfont-size:25px;\n}\n.av-special-heading.av-av_heading-020df789dc56cd53c49d25740aa59a6b .special-heading-inner-border{\nborder-color:#da291c;\n}\n.av-special-heading.av-av_heading-020df789dc56cd53c49d25740aa59a6b .av-subheading{\nfont-size:15px;\n}\n<\/style>\n<div  class='av-special-heading av-av_heading-020df789dc56cd53c49d25740aa59a6b av-special-heading-h1 custom-color-heading blockquote modern-quote modern-centered  avia-builder-el-3  el_after_av_hr  el_before_av_hr '><h1 class='av-special-heading-tag '  itemprop=\"headline\"  >La Fondation <\/h1><div class=\"special-heading-border\"><div class=\"special-heading-inner-border\"><\/div><\/div><\/div>\n\n<style type=\"text\/css\" data-created_by=\"avia_inline_auto\" id=\"style-css-av-khxhgw4y-995abd3544adcaf0f257cab4043a7257\">\n#top .hr.hr-invisible.av-khxhgw4y-995abd3544adcaf0f257cab4043a7257{\nheight:50px;\n}\n<\/style>\n<div  class='hr av-khxhgw4y-995abd3544adcaf0f257cab4043a7257 hr-invisible  avia-builder-el-4  el_after_av_heading  el_before_av_one_fifth '><span class='hr-inner '><span class=\"hr-inner-style\"><\/span><\/span><\/div>\n\n<style type=\"text\/css\" data-created_by=\"avia_inline_auto\" id=\"style-css-av-73chp-18b45eab551f777c5903ab781b811344\">\n.flex_column.av-73chp-18b45eab551f777c5903ab781b811344{\nborder-radius:0px 0px 0px 0px;\npadding:0px 0px 0px 0px;\n}\n<\/style>\n<div  class='flex_column av-73chp-18b45eab551f777c5903ab781b811344 av_one_fifth  avia-builder-el-5  el_after_av_hr  el_before_av_three_fifth  first flex_column_div av-hide-on-mobile av-zero-column-padding  '     ><\/div>\n<style type=\"text\/css\" data-created_by=\"avia_inline_auto\" id=\"style-css-av-6i2fx-4962508eb2cdf7ca5aebea549e0a7088\">\n.flex_column.av-6i2fx-4962508eb2cdf7ca5aebea549e0a7088{\nborder-radius:0px 0px 0px 0px;\npadding:0px 0px 0px 0px;\n}\n<\/style>\n<div  class='flex_column av-6i2fx-4962508eb2cdf7ca5aebea549e0a7088 av_three_fifth  avia-builder-el-6  el_after_av_one_fifth  el_before_av_one_fifth  flex_column_div av-zero-column-padding  '     ><p><section  class='av_textblock_section av-kgjhzcdw-b4644983bb306c81c4e37e0de600a4d6 '   itemscope=\"itemscope\" itemtype=\"https:\/\/schema.org\/CreativeWork\" ><div class='avia_textblock'  itemprop=\"text\" ><p>La Fondation TRY a \u00e9t\u00e9 cr\u00e9\u00e9e en janvier 2020 par Henri\u00ebtte Scheffer afin de contribuer \u00e0 r\u00e9duire l&rsquo;analphab\u00e9tisme dans les pays en voie de d\u00e9veloppement. La fondation finance des ONG locales qui construisent des \u00e9coles pour des enfants, en commen\u00e7ant par le Pakistan.&#13;<br \/>\n&#13;<br \/>\nLe Pakistan accueille une industrie cotonni\u00e8re prometteuse, mais le pays souffre toujours d&rsquo;un faible niveau d&rsquo;alphab\u00e9tisation, en particulier chez les enfants et les femmes. Dans les usines textiles, on a d\u00e9couvert tr\u00e8s t\u00f4t que, malgr\u00e9 un taux d&#8217;emploi \u00e9lev\u00e9, le travail ne garantissait pas une \u00e9ducation ou un avenir. Les travailleurs sont rest\u00e9s non qualifi\u00e9s et analphab\u00e8tes.&#13;<br \/>\n&#13;<br \/>\nLa Fondation TRY a \u00e9t\u00e9 cr\u00e9\u00e9e dans l&rsquo;espoir de s&rsquo;attaquer \u00e0 cette situation et d\u2019\u00e9veiller les consciences. Nous avons \u00e9labor\u00e9 un plan politique dans lequel notre valeur cl\u00e9 est: parce que nous souhaitons \u00eatre nous-m\u00eames une entit\u00e9 d\u2019apprentissage, les points de d\u00e9part sont fix\u00e9s, mais le contenu est d\u00e9termin\u00e9 progressivement.&#13;<br \/>\n&#13;<br \/>\nNous avons commenc\u00e9 \u00e0 lever des fonds en proposant aux donateurs deux options: un m\u00e8tre symbolique de fil rouge pour 1 \u20ac ou un bracelet fait main pour 10 \u20ac. Afin de combiner \u00e9ducation et sensibilisation &#8211; qui vont souvent de pair &#8211; nous avons cr\u00e9\u00e9 une initiative o\u00f9 les enfants des Pays-Bas apprennent \u00e0 conna\u00eetre les enfants vivant dans des zones moins privil\u00e9gi\u00e9es. Gr\u00e2ce \u00e0 des ateliers p\u00e9dagogiques dans les \u00e9coles, les enfants n\u00e9erlandais sont amen\u00e9s \u00e0 fabriquer des bracelets qui seront remis aux donateurs, une fa\u00e7on d\u2019apprendre \u00e0 se questionner tout en contribuant \u00e0 la solution.<\/p>\n<\/div><\/section><br \/>\n<section  class='av_textblock_section av-kd3lq82y-ca06333ab456608ebeb52dd3491d8f05 '   itemscope=\"itemscope\" itemtype=\"https:\/\/schema.org\/CreativeWork\" ><div class='avia_textblock'  itemprop=\"text\" ><p>Le financement de tous les frais g\u00e9n\u00e9raux doit \u00eatre vis\u00e9 par Henri\u00ebtte Scheffer. Ces co\u00fbts doivent \u00eatre maintenus aussi bas que possible et ne seront pas pay\u00e9s sur les dons. Les donateurs ont la garantie que leur don sera enti\u00e8rement revers\u00e9 \u00e0 l&rsquo;\u00e9ducation des enfants (hors frais de transaction).&#13;<br \/>\n&#13;<br \/>\nL&rsquo;objectif pour 2020 a \u00e9t\u00e9 de faire don de plusieurs m\u00e8tres de fil possible. Notre premier projet n\u00e9cessite 2 577 000 \u20ac, qui serviront \u00e0 la construction et \u00e0 l&rsquo;entretien d&rsquo;\u00e9coles primaires et secondaires au Pakistan. Ce montant permettra \u00e0 2 400 enfants vivant autour de l&rsquo;une des principales usines textiles de Karachi de recevoir une \u00e9ducation sur une p\u00e9riode de 11 ans. Tous les dons doivent \u00eatre d\u00e9pens\u00e9s pour le groupe cibl\u00e9.&#13;<br \/>\n&#13;<br \/>\nCependant, l&rsquo;ann\u00e9e 2020 s&rsquo;est av\u00e9r\u00e9e \u00eatre une ann\u00e9e difficile pour notre fondation ainsi que pour beaucoup d&rsquo;autres. En raison de la pand\u00e9mie de la COVID-19, des voyages ont \u00e9t\u00e9 annul\u00e9s, des ateliers report\u00e9s, des \u00e9coles ferm\u00e9es et une grande partie de ce que nous avions pr\u00e9vu a d\u00fb \u00eatre suspendue.&#13;<br \/>\n&#13;<br \/>\nAussi en raison de la COVID-19, de nombreuses familles sont retomb\u00e9es dans la pauvret\u00e9, les parents ont perdu leur emploi et les enfants ont \u00e9t\u00e9 d\u00e9scolaris\u00e9s et ont travaill\u00e9 pour contribuer aux revenus de leur m\u00e9nage. Les effets de la pand\u00e9mie ont \u00e9t\u00e9 d\u00e9vastateurs pour les progr\u00e8s de l&rsquo;\u00e9ducation au Pakistan, mais ont \u00e9galement soulign\u00e9 notre urgence \u00e0 agir. Plus que jamais, TRY est motiv\u00e9 \u00e0 approcher plus de donateurs afin de remplir sa mission &#8211; et d&rsquo;agir rapidement afin que nous puissions continuer \u00e0 promouvoir l&rsquo;alphab\u00e9tisation dans tout le pays.<\/p>\n<\/div><\/section><br \/>\n<section  class='av_textblock_section av-kd3lq82y-ca06333ab456608ebeb52dd3491d8f05 '   itemscope=\"itemscope\" itemtype=\"https:\/\/schema.org\/CreativeWork\" ><div class='avia_textblock'  itemprop=\"text\" ><p>Pour consulter notre programme d\u2019action complet, veuillez consulter le fichier ci-dessous:&#13;<br \/>\n&#13;<br \/>\n<a href=\"https:\/\/tryfoundation.com\/wp-content\/uploads\/2021\/02\/201005-Policy-paper-english-june.pdf\" target=\"_blank\" rel=\"noopener\">Programme d\u2019action (EN)<\/a>&#13;<br \/>\n&#13;<br \/>\n<a href=\"\/wp-content\/uploads\/2020\/12\/beleidsplan.pdf\" target=\"_blank\" rel=\"noopener\">Programme d\u2019action (NL)<\/a><\/p>\n<\/div><\/section><\/p><\/div>\n<style type=\"text\/css\" data-created_by=\"avia_inline_auto\" id=\"style-css-av-6i2fx-3ef27fef2a572f1c8fbdfec97f9deef8\">\n.flex_column.av-6i2fx-3ef27fef2a572f1c8fbdfec97f9deef8{\nborder-radius:0px 0px 0px 0px;\npadding:0px 0px 0px 0px;\n}\n<\/style>\n<div  class='flex_column av-6i2fx-3ef27fef2a572f1c8fbdfec97f9deef8 av_one_fifth  avia-builder-el-10  el_after_av_three_fifth  avia-builder-el-last  flex_column_div av-hide-on-mobile av-zero-column-padding  '     ><\/div><\/div><\/div><\/div><!-- close content main div --><\/div><\/div><\/div><div id='after_section_2'  class='main_color av_default_container_wrap container_wrap sidebar_right'  ><div class='container av-section-cont-open' ><div class='template-page content  av-content-small alpha units'><div class='post-entry post-entry-type-page post-entry-1538'><div class='entry-content-wrapper clearfix'>\n","protected":false},"excerpt":{"rendered":"","protected":false},"author":4,"featured_media":0,"parent":0,"menu_order":0,"comment_status":"closed","ping_status":"closed","template":"","meta":{"footnotes":""},"class_list":["post-1538","page","type-page","status-publish","hentry"],"yoast_head":"<!-- This site is optimized with the Yoast SEO plugin v27.3 - https:\/\/yoast.com\/product\/yoast-seo-wordpress\/ -->\n<title>La Fondation - TRY Foundation<\/title>\n<meta name=\"description\" content=\"La Fondation TRY a \u00e9t\u00e9 cr\u00e9\u00e9e en janvier 2020 par Henri\u00ebtte Scheffer afin de contribuer \u00e0 r\u00e9duire l&#039;analphab\u00e9tisme dans les pays en voie de d\u00e9veloppement.\" \/>\n<meta name=\"robots\" content=\"index, follow, max-snippet:-1, max-image-preview:large, max-video-preview:-1\" \/>\n<link rel=\"canonical\" href=\"https:\/\/tryfoundation.com\/fr\/la-fondation\/\" \/>\n<meta property=\"og:locale\" content=\"fr_FR\" \/>\n<meta property=\"og:type\" content=\"article\" \/>\n<meta property=\"og:title\" content=\"La Fondation - TRY Foundation\" \/>\n<meta property=\"og:description\" content=\"La Fondation TRY a \u00e9t\u00e9 cr\u00e9\u00e9e en janvier 2020 par Henri\u00ebtte Scheffer afin de contribuer \u00e0 r\u00e9duire l&#039;analphab\u00e9tisme dans les pays en voie de d\u00e9veloppement.\" \/>\n<meta property=\"og:url\" content=\"https:\/\/tryfoundation.com\/fr\/la-fondation\/\" \/>\n<meta property=\"og:site_name\" content=\"TRY Foundation\" \/>\n<meta property=\"article:modified_time\" content=\"2021-04-25T17:12:12+00:00\" \/>\n<meta name=\"twitter:card\" content=\"summary_large_image\" \/>\n<meta name=\"twitter:label1\" content=\"Dur\u00e9e de lecture estim\u00e9e\" \/>\n\t<meta name=\"twitter:data1\" content=\"8 minutes\" \/>\n<script type=\"application\/ld+json\" class=\"yoast-schema-graph\">{\"@context\":\"https:\\\/\\\/schema.org\",\"@graph\":[{\"@type\":\"WebPage\",\"@id\":\"https:\\\/\\\/tryfoundation.com\\\/fr\\\/la-fondation\\\/\",\"url\":\"https:\\\/\\\/tryfoundation.com\\\/fr\\\/la-fondation\\\/\",\"name\":\"La Fondation - TRY Foundation\",\"isPartOf\":{\"@id\":\"https:\\\/\\\/tryfoundation.com\\\/#website\"},\"datePublished\":\"2021-04-25T17:12:11+00:00\",\"dateModified\":\"2021-04-25T17:12:12+00:00\",\"description\":\"La Fondation TRY a \u00e9t\u00e9 cr\u00e9\u00e9e en janvier 2020 par Henri\u00ebtte Scheffer afin de contribuer \u00e0 r\u00e9duire l'analphab\u00e9tisme dans les pays en voie de d\u00e9veloppement.\",\"breadcrumb\":{\"@id\":\"https:\\\/\\\/tryfoundation.com\\\/fr\\\/la-fondation\\\/#breadcrumb\"},\"inLanguage\":\"fr-FR\",\"potentialAction\":[{\"@type\":\"ReadAction\",\"target\":[\"https:\\\/\\\/tryfoundation.com\\\/fr\\\/la-fondation\\\/\"]}]},{\"@type\":\"BreadcrumbList\",\"@id\":\"https:\\\/\\\/tryfoundation.com\\\/fr\\\/la-fondation\\\/#breadcrumb\",\"itemListElement\":[{\"@type\":\"ListItem\",\"position\":1,\"name\":\"Home\",\"item\":\"https:\\\/\\\/tryfoundation.com\\\/fr\\\/home\\\/\"},{\"@type\":\"ListItem\",\"position\":2,\"name\":\"La Fondation\"}]},{\"@type\":\"WebSite\",\"@id\":\"https:\\\/\\\/tryfoundation.com\\\/#website\",\"url\":\"https:\\\/\\\/tryfoundation.com\\\/\",\"name\":\"TRY Foundation\",\"description\":\"\",\"potentialAction\":[{\"@type\":\"SearchAction\",\"target\":{\"@type\":\"EntryPoint\",\"urlTemplate\":\"https:\\\/\\\/tryfoundation.com\\\/?s={search_term_string}\"},\"query-input\":{\"@type\":\"PropertyValueSpecification\",\"valueRequired\":true,\"valueName\":\"search_term_string\"}}],\"inLanguage\":\"fr-FR\"}]}<\/script>\n<!-- \/ Yoast SEO plugin. -->","yoast_head_json":{"title":"La Fondation - TRY Foundation","description":"La Fondation TRY a \u00e9t\u00e9 cr\u00e9\u00e9e en janvier 2020 par Henri\u00ebtte Scheffer afin de contribuer \u00e0 r\u00e9duire l'analphab\u00e9tisme dans les pays en voie de d\u00e9veloppement.","robots":{"index":"index","follow":"follow","max-snippet":"max-snippet:-1","max-image-preview":"max-image-preview:large","max-video-preview":"max-video-preview:-1"},"canonical":"https:\/\/tryfoundation.com\/fr\/la-fondation\/","og_locale":"fr_FR","og_type":"article","og_title":"La Fondation - TRY Foundation","og_description":"La Fondation TRY a \u00e9t\u00e9 cr\u00e9\u00e9e en janvier 2020 par Henri\u00ebtte Scheffer afin de contribuer \u00e0 r\u00e9duire l'analphab\u00e9tisme dans les pays en voie de d\u00e9veloppement.","og_url":"https:\/\/tryfoundation.com\/fr\/la-fondation\/","og_site_name":"TRY Foundation","article_modified_time":"2021-04-25T17:12:12+00:00","twitter_card":"summary_large_image","twitter_misc":{"Dur\u00e9e de lecture estim\u00e9e":"8 minutes"},"schema":{"@context":"https:\/\/schema.org","@graph":[{"@type":"WebPage","@id":"https:\/\/tryfoundation.com\/fr\/la-fondation\/","url":"https:\/\/tryfoundation.com\/fr\/la-fondation\/","name":"La Fondation - TRY Foundation","isPartOf":{"@id":"https:\/\/tryfoundation.com\/#website"},"datePublished":"2021-04-25T17:12:11+00:00","dateModified":"2021-04-25T17:12:12+00:00","description":"La Fondation TRY a \u00e9t\u00e9 cr\u00e9\u00e9e en janvier 2020 par Henri\u00ebtte Scheffer afin de contribuer \u00e0 r\u00e9duire l'analphab\u00e9tisme dans les pays en voie de d\u00e9veloppement.","breadcrumb":{"@id":"https:\/\/tryfoundation.com\/fr\/la-fondation\/#breadcrumb"},"inLanguage":"fr-FR","potentialAction":[{"@type":"ReadAction","target":["https:\/\/tryfoundation.com\/fr\/la-fondation\/"]}]},{"@type":"BreadcrumbList","@id":"https:\/\/tryfoundation.com\/fr\/la-fondation\/#breadcrumb","itemListElement":[{"@type":"ListItem","position":1,"name":"Home","item":"https:\/\/tryfoundation.com\/fr\/home\/"},{"@type":"ListItem","position":2,"name":"La Fondation"}]},{"@type":"WebSite","@id":"https:\/\/tryfoundation.com\/#website","url":"https:\/\/tryfoundation.com\/","name":"TRY Foundation","description":"","potentialAction":[{"@type":"SearchAction","target":{"@type":"EntryPoint","urlTemplate":"https:\/\/tryfoundation.com\/?s={search_term_string}"},"query-input":{"@type":"PropertyValueSpecification","valueRequired":true,"valueName":"search_term_string"}}],"inLanguage":"fr-FR"}]}},"_links":{"self":[{"href":"https:\/\/tryfoundation.com\/fr\/wp-json\/wp\/v2\/pages\/1538","targetHints":{"allow":["GET"]}}],"collection":[{"href":"https:\/\/tryfoundation.com\/fr\/wp-json\/wp\/v2\/pages"}],"about":[{"href":"https:\/\/tryfoundation.com\/fr\/wp-json\/wp\/v2\/types\/page"}],"author":[{"embeddable":true,"href":"https:\/\/tryfoundation.com\/fr\/wp-json\/wp\/v2\/users\/4"}],"replies":[{"embeddable":true,"href":"https:\/\/tryfoundation.com\/fr\/wp-json\/wp\/v2\/comments?post=1538"}],"version-history":[{"count":6,"href":"https:\/\/tryfoundation.com\/fr\/wp-json\/wp\/v2\/pages\/1538\/revisions"}],"predecessor-version":[{"id":1545,"href":"https:\/\/tryfoundation.com\/fr\/wp-json\/wp\/v2\/pages\/1538\/revisions\/1545"}],"wp:attachment":[{"href":"https:\/\/tryfoundation.com\/fr\/wp-json\/wp\/v2\/media?parent=1538"}],"curies":[{"name":"wp","href":"https:\/\/api.w.org\/{rel}","templated":true}]}}