{"id":1521,"date":"2021-04-25T17:58:30","date_gmt":"2021-04-25T16:58:30","guid":{"rendered":"https:\/\/tryfoundation.com\/pourquoi-le-pakistan\/"},"modified":"2021-04-25T17:58:42","modified_gmt":"2021-04-25T16:58:42","slug":"pourquoi-le-pakistan","status":"publish","type":"page","link":"https:\/\/tryfoundation.com\/fr\/pourquoi-le-pakistan\/","title":{"rendered":"Pourquoi le Pakistan?"},"content":{"rendered":"\n<style type=\"text\/css\" data-created_by=\"avia_inline_auto\" id=\"style-css-av-kcllwng0-95b02766808ba742fcf13a52bd1a0eb7\">\n.avia-section.av-kcllwng0-95b02766808ba742fcf13a52bd1a0eb7{\nbackground-color:#da291c;\nbackground-image:url(https:\/\/tryfoundation.com\/wp-content\/uploads\/2020\/11\/trisha-downing-pyud8ZaVq4I-unsplash-1.jpg);\nbackground-repeat:no-repeat;\nbackground-position:50% 50%;\nbackground-attachment:scroll;\nmargin-top:0px;\nmargin-bottom:0px;\n}\n.avia-section.av-kcllwng0-95b02766808ba742fcf13a52bd1a0eb7 .av-section-color-overlay{\nopacity:1;\nbackground-image:url(https:\/\/tryfoundation.com\/wp-content\/uploads\/2020\/10\/above-the-fold-borders-01.png);\nbackground-repeat:repeat;\n}\n<\/style>\n<div id='av_section_1'  class='avia-section av-kcllwng0-95b02766808ba742fcf13a52bd1a0eb7 main_color avia-section-default avia-no-border-styling  avia-builder-el-0  el_before_av_section  avia-builder-el-first  hero avia-full-stretch avia-bg-style-scroll av-section-color-overlay-active av-minimum-height av-minimum-height-custom av-height-custom  container_wrap sidebar_right'  data-section-bg-repeat='stretch' data-av_minimum_height_px='570'><div class=\"av-section-color-overlay-wrap\"><div class=\"av-section-color-overlay\"><\/div><a href='#next-section' title='' class='scroll-down-link  avia-svg-icon avia-font-svg_entypo-fontello' data-av_svg_icon='down-open-mini' data-av_iconset='svg_entypo-fontello'><svg version=\"1.1\" xmlns=\"http:\/\/www.w3.org\/2000\/svg\" width=\"15\" height=\"32\" viewBox=\"0 0 15 32\" preserveAspectRatio=\"xMidYMid meet\" aria-labelledby='av-svg-title-1' aria-describedby='av-svg-desc-1' role=\"graphics-symbol\" aria-hidden=\"true\">\n<title id='av-svg-title-1'>Scroller vers la prochaine section<\/title>\n<desc id='av-svg-desc-1'>Scroller vers la prochaine section<\/desc>\n<path d=\"M12.96 12.16q0.704-0.832 1.536 0 0.832 0.704 0 1.536l-6.272 6.144q-0.704 0.704-1.536 0l-6.272-6.144q-0.832-0.832 0-1.536 0.768-0.768 1.6 0l5.44 4.992z\"><\/path>\n<\/svg><\/a><div class='container av-section-cont-open' style='height:570px'><main  role=\"main\" itemprop=\"mainContentOfPage\"  class='template-page content  av-content-small alpha units'><div class='post-entry post-entry-type-page post-entry-1521'><div class='entry-content-wrapper clearfix'>\n<\/div><\/div><\/main><!-- close content main element --><\/div><\/div><\/div>\n<style type=\"text\/css\" data-created_by=\"avia_inline_auto\" id=\"style-css-av-4ebnt-ce1a8816b290a67df11c1191a7d640ca\">\n.avia-section.av-4ebnt-ce1a8816b290a67df11c1191a7d640ca .av-section-color-overlay{\nopacity:0.7;\nbackground-color:#ffffff;\n}\n<\/style>\n<div id='av_section_2'  class='avia-section av-4ebnt-ce1a8816b290a67df11c1191a7d640ca main_color avia-section-default avia-no-border-styling  avia-builder-el-1  el_after_av_section  el_before_av_section  avia-bg-style-scroll av-section-color-overlay-active container_wrap sidebar_right'  ><div class=\"av-section-color-overlay-wrap\"><div class=\"av-section-color-overlay\"><\/div><div class='container av-section-cont-open' ><div class='template-page content  av-content-small alpha units'><div class='post-entry post-entry-type-page post-entry-1521'><div class='entry-content-wrapper clearfix'>\n\n<style type=\"text\/css\" data-created_by=\"avia_inline_auto\" id=\"style-css-av-njpbd-cd27cb1d027abb0cf4c1982648c4b1c5\">\n.flex_column.av-njpbd-cd27cb1d027abb0cf4c1982648c4b1c5{\nborder-radius:0px 0px 0px 0px;\npadding:0px 0px 0px 0px;\n}\n<\/style>\n<div  class='flex_column av-njpbd-cd27cb1d027abb0cf4c1982648c4b1c5 av_one_fifth  avia-builder-el-2  el_before_av_three_fifth  avia-builder-el-first  first flex_column_div av-zero-column-padding  '     ><\/div>\n<style type=\"text\/css\" data-created_by=\"avia_inline_auto\" id=\"style-css-av-f63ah-00cbda070ac0017dbec02ad272a3df0a\">\n.flex_column.av-f63ah-00cbda070ac0017dbec02ad272a3df0a{\nborder-radius:0px 0px 0px 0px;\npadding:0px 0px 0px 0px;\n}\n<\/style>\n<div  class='flex_column av-f63ah-00cbda070ac0017dbec02ad272a3df0a av_three_fifth  avia-builder-el-3  el_after_av_one_fifth  el_before_av_one_fifth  flex_column_div av-zero-column-padding  '     ><p>\n<style type=\"text\/css\" data-created_by=\"avia_inline_auto\" id=\"style-css-av-bcm7t-5d2d39d065bf59c67b761be879486ac7\">\n#top .av-special-heading.av-bcm7t-5d2d39d065bf59c67b761be879486ac7{\npadding-bottom:10px;\ncolor:#da291c;\n}\nbody .av-special-heading.av-bcm7t-5d2d39d065bf59c67b761be879486ac7 .av-special-heading-tag .heading-char{\nfont-size:25px;\n}\n.av-special-heading.av-bcm7t-5d2d39d065bf59c67b761be879486ac7 .special-heading-inner-border{\nborder-color:#da291c;\n}\n.av-special-heading.av-bcm7t-5d2d39d065bf59c67b761be879486ac7 .av-subheading{\nfont-size:15px;\n}\n<\/style>\n<div  class='av-special-heading av-bcm7t-5d2d39d065bf59c67b761be879486ac7 av-special-heading-h2 custom-color-heading blockquote modern-quote  avia-builder-el-4  el_before_av_image  avia-builder-el-first '><h2 class='av-special-heading-tag '  itemprop=\"headline\"  >Pourquoi le Pakistan? Rencontrez le point de d\u00e9part de notre voyage.<\/h2><div class=\"special-heading-border\"><div class=\"special-heading-inner-border\"><\/div><\/div><\/div><br \/>\n\n<style type=\"text\/css\" data-created_by=\"avia_inline_auto\" id=\"style-css-av-kjyfnby6-f8c2758f2fb8c44dfe2f6bf7c639130a\">\n.avia-image-container.av-kjyfnby6-f8c2758f2fb8c44dfe2f6bf7c639130a img.avia_image{\nbox-shadow:none;\n}\n.avia-image-container.av-kjyfnby6-f8c2758f2fb8c44dfe2f6bf7c639130a .av-image-caption-overlay-center{\ncolor:#ffffff;\n}\n<\/style>\n<div  class='avia-image-container av-kjyfnby6-f8c2758f2fb8c44dfe2f6bf7c639130a av-styling- avia-align-center  avia-builder-el-5  el_after_av_heading  el_before_av_hr '   itemprop=\"image\" itemscope=\"itemscope\" itemtype=\"https:\/\/schema.org\/ImageObject\" ><div class=\"avia-image-container-inner\"><div class=\"avia-image-overlay-wrap\"><img decoding=\"async\" fetchpriority=\"high\" class='wp-image-2967 avia-img-lazy-loading-not-2967 avia_image ' src=\"https:\/\/tryfoundation.com\/wp-content\/uploads\/2020\/11\/IMG_8831-1030x687.jpg\" alt='' title='IMG_8831'  height=\"687\" width=\"1030\"  itemprop=\"thumbnailUrl\" srcset=\"https:\/\/tryfoundation.com\/wp-content\/uploads\/2020\/11\/IMG_8831-1030x687.jpg 1030w, https:\/\/tryfoundation.com\/wp-content\/uploads\/2020\/11\/IMG_8831-300x200.jpg 300w, https:\/\/tryfoundation.com\/wp-content\/uploads\/2020\/11\/IMG_8831-768x512.jpg 768w, https:\/\/tryfoundation.com\/wp-content\/uploads\/2020\/11\/IMG_8831-1536x1024.jpg 1536w, https:\/\/tryfoundation.com\/wp-content\/uploads\/2020\/11\/IMG_8831-2048x1365.jpg 2048w, https:\/\/tryfoundation.com\/wp-content\/uploads\/2020\/11\/IMG_8831-1500x1000.jpg 1500w, https:\/\/tryfoundation.com\/wp-content\/uploads\/2020\/11\/IMG_8831-705x470.jpg 705w\" sizes=\"(max-width: 1030px) 100vw, 1030px\" \/><\/div><\/div><\/div><br \/>\n\n<style type=\"text\/css\" data-created_by=\"avia_inline_auto\" id=\"style-css-av-kjyfp0dw-02b977674cb6ea8dbb2a1f1cc5f004c2\">\n#top .hr.hr-invisible.av-kjyfp0dw-02b977674cb6ea8dbb2a1f1cc5f004c2{\nheight:50px;\n}\n<\/style>\n<div  class='hr av-kjyfp0dw-02b977674cb6ea8dbb2a1f1cc5f004c2 hr-invisible  avia-builder-el-6  el_after_av_image  el_before_av_textblock '><span class='hr-inner '><span class=\"hr-inner-style\"><\/span><\/span><\/div><br \/>\n<section  class='av_textblock_section av-kd3lq82y-ca06333ab456608ebeb52dd3491d8f05 '   itemscope=\"itemscope\" itemtype=\"https:\/\/schema.org\/CreativeWork\" ><div class='avia_textblock'  itemprop=\"text\" ><p><strong>Pourquoi le Pakistan? Rencontrez le point de d\u00e9part de notre voyage.<\/strong>&#13;<br \/>\n&#13;<br \/>\nLe Pakistan est dot\u00e9 de beaux paysages, de grandes surfaces de terres arables et d&rsquo;une main-d&rsquo;\u0153uvre jeune et croissante (Banque mondiale, 2018). Elle accueille \u00e9galement une industrie cotonni\u00e8re rentable, l&rsquo;une des plus importantes au monde. Cependant, le potentiel ind\u00e9niable de croissance et de d\u00e9veloppement durable du pays est actuellement compromis par des facteurs sociaux tels que la pauvret\u00e9 et le faible niveau d\u2019\u00e9ducation.&#13;<br \/>\n&#13;<br \/>\nSelon une analyse r\u00e9cente (The Economist), voici quelques-uns des facteurs qui ralentissent les progr\u00e8s de l&rsquo;\u00e9ducation au Pakistan:&#13;<\/p>\n<ul>&#13;<\/p>\n<li>le gouvernement extr\u00e9miste au pouvoir dans des zones vuln\u00e9rables;<\/li>\n<p>&#13;<\/p>\n<li>la pauvret\u00e9;<\/li>\n<p>&#13;<\/p>\n<li>le faible niveau des \u00e9coles;<\/li>\n<p>&#13;<\/p>\n<li>le manque d&rsquo;investissement financier de la part des politiciens<\/li>\n<p>&#13;\n<\/ul>\n<p>&#13;<br \/>\nUn autre facteur qui impacte les niveaux d&rsquo;alphab\u00e9tisation au Pakistan est l\u2019aide \u00e9trang\u00e8re, qui a stimul\u00e9 ou baiss\u00e9 le d\u00e9veloppement de l\u2019\u00e9ducation selon les subventions accord\u00e9es. M\u00eame si l\u2019aide ext\u00e9rieure \u00e9tait g\u00e9n\u00e9reuse, elle n&rsquo;a jamais perdur\u00e9 dans le temps; d\u00e8s que l&rsquo;aide \u00e9trang\u00e8re se retirait, les progr\u00e8s accomplis \u00e9taient r\u00e9duits \u00e0 n\u00e9ant en quelques ann\u00e9es.&#13;<br \/>\n&#13;<br \/>\nPour cette raison, la Fondation TRY veut avoir un r\u00e9el impact local dans les communaut\u00e9s qui pourront s&rsquo;auto financer une fois que nous partirons. En aidant les fondations locales, nous voulons donner la parole \u00e0 ceux qui en ont vraiment besoin, afin qu&rsquo;ils puissent poursuivre le travail que nous avons commenc\u00e9.&#13;<br \/>\n&#13;<br \/>\nUne voie de d\u00e9veloppement durable implique la cr\u00e9ation d&rsquo;une soci\u00e9t\u00e9 inclusive, non seulement en termes de bien-\u00eatre \u00e9conomique, mais aussi en termes de parole et d&rsquo;autonomisation de tous les groupes.\u00bb &#8211; La Banque mondiale&#13;<br \/>\n&#13;<br \/>\nLorsque les enfants ont la possibilit\u00e9 de b\u00e9n\u00e9ficier de niveaux d&rsquo;\u00e9ducation et d&#8217;emploi plus \u00e9lev\u00e9s que leurs parents, les niveaux d&rsquo;in\u00e9galit\u00e9 dans un pays se r\u00e9duisent. Ce processus permet de rendre une soci\u00e9t\u00e9 davantage autonome, o\u00f9 les enfants qui ont re\u00e7u une \u00e9ducation peuvent devenir des acteurs actifs du changement au sein de leurs communaut\u00e9s.<\/p>\n<\/div><\/section><\/p><\/div>\n<style type=\"text\/css\" data-created_by=\"avia_inline_auto\" id=\"style-css-av-7gfx5-65e856c8ce68108870e27be2545b095e\">\n.flex_column.av-7gfx5-65e856c8ce68108870e27be2545b095e{\nborder-radius:0px 0px 0px 0px;\npadding:0px 0px 0px 0px;\n}\n<\/style>\n<div  class='flex_column av-7gfx5-65e856c8ce68108870e27be2545b095e av_one_fifth  avia-builder-el-8  el_after_av_three_fifth  avia-builder-el-last  flex_column_div av-zero-column-padding  '     ><\/div>\n\n<\/div><\/div><\/div><!-- close content main div --><\/div><\/div><\/div>\n<style type=\"text\/css\" data-created_by=\"avia_inline_auto\" id=\"style-css-av-kcllwng0-07baeaf8c423f4cb6ece80cb3bbbf4c5\">\n.avia-section.av-kcllwng0-07baeaf8c423f4cb6ece80cb3bbbf4c5{\nbackground-color:#efefef;\nbackground-image:unset;\nmargin-top:0px;\nmargin-bottom:0px;\n}\n.avia-section.av-kcllwng0-07baeaf8c423f4cb6ece80cb3bbbf4c5 .av-section-color-overlay{\nopacity:1;\nbackground-image:url(https:\/\/tryfoundation.com\/wp-content\/uploads\/2020\/10\/center-page-image-border-01.png);\nbackground-repeat:repeat;\n}\n<\/style>\n<div id='av_section_3'  class='avia-section av-kcllwng0-07baeaf8c423f4cb6ece80cb3bbbf4c5 main_color avia-section-small avia-no-border-styling  avia-builder-el-9  el_after_av_section  avia-builder-el-last  slider avia-bg-style-scroll av-section-color-overlay-active av-minimum-height av-minimum-height-custom av-height-custom  container_wrap sidebar_right'   data-av_minimum_height_px='812'><div class=\"av-section-color-overlay-wrap\"><div class=\"av-section-color-overlay\"><\/div><div class='container av-section-cont-open' style='height:812px'><div class='template-page content  av-content-small alpha units'><div class='post-entry post-entry-type-page post-entry-1521'><div class='entry-content-wrapper clearfix'>\n\n<style type=\"text\/css\" data-created_by=\"avia_inline_auto\" id=\"style-css-av-kj1kszsd-79323fbbb5f7377c75a77cdb2fc153c6\">\n#top .hr.hr-invisible.av-kj1kszsd-79323fbbb5f7377c75a77cdb2fc153c6{\nheight:250px;\n}\n<\/style>\n<div  class='hr av-kj1kszsd-79323fbbb5f7377c75a77cdb2fc153c6 hr-invisible  avia-builder-el-10  el_before_av_textblock  avia-builder-el-first '><span class='hr-inner '><span class=\"hr-inner-style\"><\/span><\/span><\/div>\n\n<style type=\"text\/css\" data-created_by=\"avia_inline_auto\" id=\"style-css-av-kh4odwip-98ef55ec9e1cad1ab4a368ff981cea20\">\n#top .av_textblock_section.av-kh4odwip-98ef55ec9e1cad1ab4a368ff981cea20 .avia_textblock{\ncolor:#ffffff;\n}\n<\/style>\n<section  class='av_textblock_section av-kh4odwip-98ef55ec9e1cad1ab4a368ff981cea20 '   itemscope=\"itemscope\" itemtype=\"https:\/\/schema.org\/CreativeWork\" ><div class='avia_textblock post pline-height em av_inherit_color'  itemprop=\"text\" ><h2 style=\"text-align: center;\"><span style=\"color: #da291c;\">Le Pakistan n&rsquo;est qu\u2019au d\u00e9but. <\/span><\/h2>\n<p>&#13;<\/p>\n<h2 style=\"text-align: center;\"><span style=\"color: #da291c;\">Connaissez-vous une organisation similaire? <\/span><\/h2>\n<p>&#13;<\/p>\n<h2 style=\"text-align: center;\"><span style=\"color: #da291c;\">Faites-nous conna\u00eetre l\u2019enseignement \u00e0 but non lucratif de votre pays<\/span><\/h2>\n<\/div><\/section>\n<div  class='avia-button-wrap av-kf2gnf82-f02e5a96f4bcc53b496f40e29dd6862a-wrap avia-button-center  avia-builder-el-12  el_after_av_textblock  avia-builder-el-last  yellow'>\n<style type=\"text\/css\" data-created_by=\"avia_inline_auto\" id=\"style-css-av-kf2gnf82-f02e5a96f4bcc53b496f40e29dd6862a\">\n#top #wrap_all .avia-button.av-kf2gnf82-f02e5a96f4bcc53b496f40e29dd6862a{\nbackground-color:#444444;\nborder-color:#444444;\ncolor:#ffffff;\ntransition:all 0.4s ease-in-out;\n}\n#top #wrap_all .avia-button.av-kf2gnf82-f02e5a96f4bcc53b496f40e29dd6862a .avia-svg-icon svg:first-child{\nfill:#ffffff;\nstroke:#ffffff;\n}\n<\/style>\n<a href='https:\/\/tryfoundation.com\/contact\/'  class='avia-button av-kf2gnf82-f02e5a96f4bcc53b496f40e29dd6862a av-link-btn avia-icon_select-no avia-size-x-large avia-position-center'   aria-label=\"Nous contacter\"><span class='avia_iconbox_title' >Nous contacter<\/span><\/a><\/div>\n<\/div><\/div><\/div><!-- close content main div --><\/div><\/div><\/div><div id='after_section_3'  class='main_color av_default_container_wrap container_wrap sidebar_right'  ><div class='container av-section-cont-open' ><div class='template-page content  av-content-small alpha units'><div class='post-entry post-entry-type-page post-entry-1521'><div class='entry-content-wrapper clearfix'>\n","protected":false},"excerpt":{"rendered":"","protected":false},"author":2,"featured_media":0,"parent":0,"menu_order":0,"comment_status":"closed","ping_status":"closed","template":"","meta":{"footnotes":""},"class_list":["post-1521","page","type-page","status-publish","hentry"],"yoast_head":"<!-- This site is optimized with the Yoast SEO plugin v27.3 - https:\/\/yoast.com\/product\/yoast-seo-wordpress\/ -->\n<title>Pourquoi le Pakistan? - TRY Foundation<\/title>\n<meta name=\"description\" content=\"TRY Foundation wants to have real local impact in communities that will self-sustain once we leave. Pakistan is our starting point.\" \/>\n<meta name=\"robots\" content=\"index, follow, max-snippet:-1, max-image-preview:large, max-video-preview:-1\" \/>\n<link rel=\"canonical\" href=\"https:\/\/tryfoundation.com\/fr\/pourquoi-le-pakistan\/\" \/>\n<meta property=\"og:locale\" content=\"fr_FR\" \/>\n<meta property=\"og:type\" content=\"article\" \/>\n<meta property=\"og:title\" content=\"Pourquoi le Pakistan? - TRY Foundation\" \/>\n<meta property=\"og:description\" content=\"TRY Foundation wants to have real local impact in communities that will self-sustain once we leave. Pakistan is our starting point.\" \/>\n<meta property=\"og:url\" content=\"https:\/\/tryfoundation.com\/fr\/pourquoi-le-pakistan\/\" \/>\n<meta property=\"og:site_name\" content=\"TRY Foundation\" \/>\n<meta property=\"article:modified_time\" content=\"2021-04-25T16:58:42+00:00\" \/>\n<meta name=\"twitter:card\" content=\"summary_large_image\" \/>\n<meta name=\"twitter:label1\" content=\"Dur\u00e9e de lecture estim\u00e9e\" \/>\n\t<meta name=\"twitter:data1\" content=\"8 minutes\" \/>\n<script type=\"application\/ld+json\" class=\"yoast-schema-graph\">{\"@context\":\"https:\\\/\\\/schema.org\",\"@graph\":[{\"@type\":\"WebPage\",\"@id\":\"https:\\\/\\\/tryfoundation.com\\\/fr\\\/pourquoi-le-pakistan\\\/\",\"url\":\"https:\\\/\\\/tryfoundation.com\\\/fr\\\/pourquoi-le-pakistan\\\/\",\"name\":\"Pourquoi le Pakistan? - TRY Foundation\",\"isPartOf\":{\"@id\":\"https:\\\/\\\/tryfoundation.com\\\/#website\"},\"datePublished\":\"2021-04-25T16:58:30+00:00\",\"dateModified\":\"2021-04-25T16:58:42+00:00\",\"description\":\"TRY Foundation wants to have real local impact in communities that will self-sustain once we leave. Pakistan is our starting point.\",\"breadcrumb\":{\"@id\":\"https:\\\/\\\/tryfoundation.com\\\/fr\\\/pourquoi-le-pakistan\\\/#breadcrumb\"},\"inLanguage\":\"fr-FR\",\"potentialAction\":[{\"@type\":\"ReadAction\",\"target\":[\"https:\\\/\\\/tryfoundation.com\\\/fr\\\/pourquoi-le-pakistan\\\/\"]}]},{\"@type\":\"BreadcrumbList\",\"@id\":\"https:\\\/\\\/tryfoundation.com\\\/fr\\\/pourquoi-le-pakistan\\\/#breadcrumb\",\"itemListElement\":[{\"@type\":\"ListItem\",\"position\":1,\"name\":\"Home\",\"item\":\"https:\\\/\\\/tryfoundation.com\\\/fr\\\/home\\\/\"},{\"@type\":\"ListItem\",\"position\":2,\"name\":\"Pourquoi le Pakistan?\"}]},{\"@type\":\"WebSite\",\"@id\":\"https:\\\/\\\/tryfoundation.com\\\/#website\",\"url\":\"https:\\\/\\\/tryfoundation.com\\\/\",\"name\":\"TRY Foundation\",\"description\":\"\",\"potentialAction\":[{\"@type\":\"SearchAction\",\"target\":{\"@type\":\"EntryPoint\",\"urlTemplate\":\"https:\\\/\\\/tryfoundation.com\\\/?s={search_term_string}\"},\"query-input\":{\"@type\":\"PropertyValueSpecification\",\"valueRequired\":true,\"valueName\":\"search_term_string\"}}],\"inLanguage\":\"fr-FR\"}]}<\/script>\n<!-- \/ Yoast SEO plugin. -->","yoast_head_json":{"title":"Pourquoi le Pakistan? - TRY Foundation","description":"TRY Foundation wants to have real local impact in communities that will self-sustain once we leave. Pakistan is our starting point.","robots":{"index":"index","follow":"follow","max-snippet":"max-snippet:-1","max-image-preview":"max-image-preview:large","max-video-preview":"max-video-preview:-1"},"canonical":"https:\/\/tryfoundation.com\/fr\/pourquoi-le-pakistan\/","og_locale":"fr_FR","og_type":"article","og_title":"Pourquoi le Pakistan? - TRY Foundation","og_description":"TRY Foundation wants to have real local impact in communities that will self-sustain once we leave. Pakistan is our starting point.","og_url":"https:\/\/tryfoundation.com\/fr\/pourquoi-le-pakistan\/","og_site_name":"TRY Foundation","article_modified_time":"2021-04-25T16:58:42+00:00","twitter_card":"summary_large_image","twitter_misc":{"Dur\u00e9e de lecture estim\u00e9e":"8 minutes"},"schema":{"@context":"https:\/\/schema.org","@graph":[{"@type":"WebPage","@id":"https:\/\/tryfoundation.com\/fr\/pourquoi-le-pakistan\/","url":"https:\/\/tryfoundation.com\/fr\/pourquoi-le-pakistan\/","name":"Pourquoi le Pakistan? - TRY Foundation","isPartOf":{"@id":"https:\/\/tryfoundation.com\/#website"},"datePublished":"2021-04-25T16:58:30+00:00","dateModified":"2021-04-25T16:58:42+00:00","description":"TRY Foundation wants to have real local impact in communities that will self-sustain once we leave. Pakistan is our starting point.","breadcrumb":{"@id":"https:\/\/tryfoundation.com\/fr\/pourquoi-le-pakistan\/#breadcrumb"},"inLanguage":"fr-FR","potentialAction":[{"@type":"ReadAction","target":["https:\/\/tryfoundation.com\/fr\/pourquoi-le-pakistan\/"]}]},{"@type":"BreadcrumbList","@id":"https:\/\/tryfoundation.com\/fr\/pourquoi-le-pakistan\/#breadcrumb","itemListElement":[{"@type":"ListItem","position":1,"name":"Home","item":"https:\/\/tryfoundation.com\/fr\/home\/"},{"@type":"ListItem","position":2,"name":"Pourquoi le Pakistan?"}]},{"@type":"WebSite","@id":"https:\/\/tryfoundation.com\/#website","url":"https:\/\/tryfoundation.com\/","name":"TRY Foundation","description":"","potentialAction":[{"@type":"SearchAction","target":{"@type":"EntryPoint","urlTemplate":"https:\/\/tryfoundation.com\/?s={search_term_string}"},"query-input":{"@type":"PropertyValueSpecification","valueRequired":true,"valueName":"search_term_string"}}],"inLanguage":"fr-FR"}]}},"_links":{"self":[{"href":"https:\/\/tryfoundation.com\/fr\/wp-json\/wp\/v2\/pages\/1521","targetHints":{"allow":["GET"]}}],"collection":[{"href":"https:\/\/tryfoundation.com\/fr\/wp-json\/wp\/v2\/pages"}],"about":[{"href":"https:\/\/tryfoundation.com\/fr\/wp-json\/wp\/v2\/types\/page"}],"author":[{"embeddable":true,"href":"https:\/\/tryfoundation.com\/fr\/wp-json\/wp\/v2\/users\/2"}],"replies":[{"embeddable":true,"href":"https:\/\/tryfoundation.com\/fr\/wp-json\/wp\/v2\/comments?post=1521"}],"version-history":[{"count":6,"href":"https:\/\/tryfoundation.com\/fr\/wp-json\/wp\/v2\/pages\/1521\/revisions"}],"predecessor-version":[{"id":1528,"href":"https:\/\/tryfoundation.com\/fr\/wp-json\/wp\/v2\/pages\/1521\/revisions\/1528"}],"wp:attachment":[{"href":"https:\/\/tryfoundation.com\/fr\/wp-json\/wp\/v2\/media?parent=1521"}],"curies":[{"name":"wp","href":"https:\/\/api.w.org\/{rel}","templated":true}]}}